{"id":2566,"date":"2021-04-19T22:54:19","date_gmt":"2021-04-19T22:54:19","guid":{"rendered":"https:\/\/testednutrients.com\/?post_type=product&#038;p=2566"},"modified":"2025-10-29T12:18:52","modified_gmt":"2025-10-29T16:18:52","slug":"irvingia-igob131-2","status":"publish","type":"product","link":"https:\/\/testednutrients.com\/es\/product\/irvingia-igob131-2\/","title":{"rendered":"Irvingia Gabonensis IGOB131\u00ae"},"content":{"rendered":"<p><strong>Descubre Irvingia Gabonensis IGOB131\u00ae<\/strong><\/p>\n<p><strong>El Secreto de la naturaleza para una vida m\u00e1s saludable<\/strong><\/p>\n<p>Si est\u00e1s buscando una manera natural y segura de bajar tu az\u00facar en sangre, colesterol y perder peso, tenemos la soluci\u00f3n.<\/p>\n<p>Nuestra f\u00f3rmula \u00fanica combina dos ingredientes poderosos, respaldados por la ciencia, que trabajan juntos para mejorar tu bienestar de manera integral:<\/p>\n<p><strong>Controla los niveles de az\u00facar y colesterol<\/strong>: Irvingia Gabonensis IGOB131\u00ae ha demostrado reducir eficazmente el az\u00facar en sangre y el colesterol. As\u00ed obtienes un apoyo extra para mantener tus niveles estables, protegiendo tu salud de manera natural y duradera.<\/p>\n<p><strong>Mejora la digesti\u00f3n y reduce el apetito<\/strong>: La fibra soluble de Irvingia Gabonensis IGOB131\u00ae no solo mejora tu digesti\u00f3n, sino que tambi\u00e9n te ayuda a sentirte lleno por m\u00e1s tiempo. Por eso te ayuda a controlar el apetito de manera m\u00e1s efectiva.<\/p>\n<p><strong>Aumenta la energ\u00eda diaria<\/strong>: Imagina tener la energ\u00eda sostenida para disfrutar de tus actividades diarias sin sentirte agotado. Mantente activo y en\u00e9rgico cada d\u00eda, disfrutando de una vida con m\u00e1s vitalidad.<\/p>\n<p><strong>Resultados reales, cambios duraderos<\/strong><\/p>\n<p>No solo lo decimos nosotros. Estudios cient\u00edficos han demostrado que Irvingia Gabonensis IGOB131\u00ae ayuda a perder peso significativamente y mejora la salud metab\u00f3lica m\u00e1s efectivamente que cuando se usan por separado.<\/p>\n<p><strong>\u00a1Alcanza tus objetivos con un apoyo s\u00f3lido y probado!<\/strong><\/p>\n<p><strong>OFERTA ESPECIAL: \u00a1Compra hoy y recibe <span style=\"color: #ff0000;\">GRATIS<\/span> nuestro eBook exclusivo &#8217;17 Formas Secretas de Vencer el H\u00e1bito del Sobrepeso&#8217;!<\/strong><\/p>\n<p>Prep\u00e1rate para un cambio positivo y duradero. Tu camino hacia una vida m\u00e1s saludable comienza aqu\u00ed. \u00a1No esperes m\u00e1s y \u00fanete a muchos otros que ya est\u00e1n disfrutando de estos incre\u00edbles beneficios!<\/p>\n<p><strong>INVESTIGACIONES CIENT\u00cdFICAS DESTACADAS:<\/strong><\/p>\n<p>IGOB131, a Novel Seed Extract of the West African Plant Irvingia gabonensis, Significantly Reduces Body Weight and Improves Metabolic Parameters in Overweight Humans in a Randomized, Double-blind, Placebo-controlled Investigation. <a href=\"https:\/\/www.ghainc.com\/_files\/ugd\/d056cc_121b289aa7e04379ad30c8c04582c665.pdf\">Lipids in Health and Disease<\/a>.<\/p>\n<p>Effect of Irvingia Gabonensis on Metabolic Syndrome, Insulin Sensitivity, and Insulin Secretion. <a href=\"https:\/\/pubmed.ncbi.nlm.nih.gov\/29336718\/\">Journal of Medicinal Food<\/a><\/p>\n<p>Irvingia Gabonensis. Natural Medicines Comprehensive Database. Therapeutic Research Faculty<\/p>\n<p>The Efficacy of Irvingia Gabonensis Supplementation in the Management of Overweight and Obesity. <a href=\"https:\/\/magistralbr.caldic.com\/storage\/product-files\/212183104.pdf\">Journal of Dietary Supplements<\/a><\/p>\n<p>&nbsp;<\/p>\n<p>&nbsp;<\/p>\n<p>&nbsp;<\/p>\n","protected":false},"excerpt":{"rendered":"<p>Irvingia Gabonensis IGOB131\u00ae es un extracto purificado y patentado de semilla de la planta africana Irvingia Gabonensis, cl\u00ednicamente probado para restaurar y mantener el equilibrio metab\u00f3lico, esencial para un peso y composici\u00f3n corporal saludables.<\/p>\n<p>Esta planta medicinal tiene propiedades bioactivas \u00fanicas que modulan las hormonas relacionadas con el apetito, la sensibilidad a la insulina y el metabolismo energ\u00e9tico.<\/p>\n<p>Cinco estudios cl\u00ednicos, doble ciego y controlados con placebo, con m\u00e1s de 300 participantes, demostraron consistentemente que IGOB131 restaura de manera segura el bienestar metab\u00f3lico, reduce el peso corporal y mejora la sensibilidad a la insulina.<\/p>\n<div class=\"product-info-box\">\n<h4>\u00a1Abast\u00e9cete y ahorra!<\/h4>\n<ul>\n<li>Compra 3 por $29.71 c\/u y <strong>ahorra 15%<\/strong><\/li>\n<li>Compra 6 por $27.96 c\/u y <strong>ahorra 20%<\/strong><\/li>\n<\/ul>\n<\/div>\n","protected":false},"featured_media":12399,"comment_status":"open","ping_status":"closed","template":"","meta":{"om_disable_all_campaigns":false,"_analytify_skip_tracking":false},"product_brand":[],"product_cat":[61,62,58],"product_tag":[],"class_list":{"0":"post-2566","1":"product","2":"type-product","3":"status-publish","4":"has-post-thumbnail","6":"product_cat-azucar-en-la-sangre","7":"product_cat-bajar-de-peso","8":"product_cat-salud-del-corazon","9":"product_shipping_class-free-shipping","11":"first","12":"instock","13":"featured","14":"taxable","15":"shipping-taxable","16":"purchasable","17":"product-type-simple"},"bundled_by":["10286"],"bundle_stock_status":"instock","bundle_stock_quantity":null,"bundle_virtual":false,"bundle_layout":"","bundle_add_to_cart_form_location":"","bundle_editable_in_cart":false,"bundle_sold_individually_context":"","bundle_item_grouping":"","bundle_min_size":"","bundle_max_size":"","bundle_price":[],"bundled_items":[],"bundle_sell_ids":[],"yoast_head":"<!-- This site is optimized with the Yoast SEO Premium plugin v27.4 (Yoast SEO v27.4) - https:\/\/yoast.com\/product\/yoast-seo-premium-wordpress\/ -->\n<title>Irvingia Gabonensis IGOB131\u00ae - Tested Nutrients<\/title>\n<meta name=\"description\" content=\"Irvingia Gabonensis IGOB131\u00ae trabaja para bajar los niveles de az\u00facar en la sangre, bajar el colesterol y frenar el aumento de peso.\" \/>\n<meta name=\"robots\" content=\"index, follow, max-snippet:-1, max-image-preview:large, max-video-preview:-1\" \/>\n<link rel=\"canonical\" href=\"https:\/\/testednutrients.com\/es\/product\/irvingia-igob131-2\/\" \/>\n<meta property=\"og:locale\" content=\"es_ES\" \/>\n<meta property=\"og:type\" content=\"article\" \/>\n<meta property=\"og:title\" content=\"Irvingia Gabonensis IGOB131\u00ae\" \/>\n<meta property=\"og:description\" content=\"Irvingia Gabonensis IGOB131\u00ae trabaja para bajar los niveles de az\u00facar en la sangre, bajar el colesterol y frenar el aumento de peso.\" \/>\n<meta property=\"og:url\" content=\"https:\/\/testednutrients.com\/es\/product\/irvingia-igob131-2\/\" \/>\n<meta property=\"og:site_name\" content=\"Tested Nutrients\" \/>\n<meta property=\"article:publisher\" content=\"https:\/\/www.facebook.com\/testednutrients\/\" \/>\n<meta property=\"article:modified_time\" content=\"2025-10-29T16:18:52+00:00\" \/>\n<meta property=\"og:image\" content=\"https:\/\/testednutrients.com\/wp-content\/uploads\/2021\/04\/IGOB131-NEW-1.png\" \/>\n\t<meta property=\"og:image:width\" content=\"600\" \/>\n\t<meta property=\"og:image:height\" content=\"600\" \/>\n\t<meta property=\"og:image:type\" content=\"image\/png\" \/>\n<meta name=\"twitter:card\" content=\"summary_large_image\" \/>\n<meta name=\"twitter:label1\" content=\"Tiempo de lectura\" \/>\n\t<meta name=\"twitter:data1\" content=\"2 minutos\" \/>\n<script type=\"application\/ld+json\" class=\"yoast-schema-graph\">{\"@context\":\"https:\\\/\\\/schema.org\",\"@graph\":[{\"@type\":\"WebPage\",\"@id\":\"https:\\\/\\\/testednutrients.com\\\/es\\\/product\\\/irvingia-igob131-2\\\/\",\"url\":\"https:\\\/\\\/testednutrients.com\\\/es\\\/product\\\/irvingia-igob131-2\\\/\",\"name\":\"Irvingia Gabonensis IGOB131\u00ae - Tested Nutrients\",\"isPartOf\":{\"@id\":\"https:\\\/\\\/testednutrients.com\\\/es\\\/#website\"},\"primaryImageOfPage\":{\"@id\":\"https:\\\/\\\/testednutrients.com\\\/es\\\/product\\\/irvingia-igob131-2\\\/#primaryimage\"},\"image\":{\"@id\":\"https:\\\/\\\/testednutrients.com\\\/es\\\/product\\\/irvingia-igob131-2\\\/#primaryimage\"},\"thumbnailUrl\":\"https:\\\/\\\/testednutrients.com\\\/wp-content\\\/uploads\\\/2021\\\/04\\\/IGOB131-NEW-1.png\",\"datePublished\":\"2021-04-19T22:54:19+00:00\",\"dateModified\":\"2025-10-29T16:18:52+00:00\",\"description\":\"Irvingia Gabonensis IGOB131\u00ae trabaja para bajar los niveles de az\u00facar en la sangre, bajar el colesterol y frenar el aumento de peso.\",\"breadcrumb\":{\"@id\":\"https:\\\/\\\/testednutrients.com\\\/es\\\/product\\\/irvingia-igob131-2\\\/#breadcrumb\"},\"inLanguage\":\"es\",\"potentialAction\":[{\"@type\":\"ReadAction\",\"target\":[\"https:\\\/\\\/testednutrients.com\\\/es\\\/product\\\/irvingia-igob131-2\\\/\"]}]},{\"@type\":\"ImageObject\",\"inLanguage\":\"es\",\"@id\":\"https:\\\/\\\/testednutrients.com\\\/es\\\/product\\\/irvingia-igob131-2\\\/#primaryimage\",\"url\":\"https:\\\/\\\/testednutrients.com\\\/wp-content\\\/uploads\\\/2021\\\/04\\\/IGOB131-NEW-1.png\",\"contentUrl\":\"https:\\\/\\\/testednutrients.com\\\/wp-content\\\/uploads\\\/2021\\\/04\\\/IGOB131-NEW-1.png\",\"width\":600,\"height\":600},{\"@type\":\"BreadcrumbList\",\"@id\":\"https:\\\/\\\/testednutrients.com\\\/es\\\/product\\\/irvingia-igob131-2\\\/#breadcrumb\",\"itemListElement\":[{\"@type\":\"ListItem\",\"position\":1,\"name\":\"Home\",\"item\":\"https:\\\/\\\/testednutrients.com\\\/es\\\/\"},{\"@type\":\"ListItem\",\"position\":2,\"name\":\"Productos\",\"item\":\"https:\\\/\\\/testednutrients.com\\\/es\\\/productos\\\/\"},{\"@type\":\"ListItem\",\"position\":3,\"name\":\"Irvingia Gabonensis IGOB131\u00ae\"}]},{\"@type\":\"WebSite\",\"@id\":\"https:\\\/\\\/testednutrients.com\\\/es\\\/#website\",\"url\":\"https:\\\/\\\/testednutrients.com\\\/es\\\/\",\"name\":\"Tested Nutrients\",\"description\":\"En Tested Nutrients fabricamos nuestros productos para nuestros clientes, pero tambi&eacute;n los fabricamos para nosotros y para nuestros seres queridos.\",\"publisher\":{\"@id\":\"https:\\\/\\\/testednutrients.com\\\/es\\\/#organization\"},\"alternateName\":\"Tested Nutrients\",\"potentialAction\":[{\"@type\":\"SearchAction\",\"target\":{\"@type\":\"EntryPoint\",\"urlTemplate\":\"https:\\\/\\\/testednutrients.com\\\/es\\\/?s={search_term_string}\"},\"query-input\":{\"@type\":\"PropertyValueSpecification\",\"valueRequired\":true,\"valueName\":\"search_term_string\"}}],\"inLanguage\":\"es\"},{\"@type\":\"Organization\",\"@id\":\"https:\\\/\\\/testednutrients.com\\\/es\\\/#organization\",\"name\":\"Tested Nutrients\",\"url\":\"https:\\\/\\\/testednutrients.com\\\/es\\\/\",\"logo\":{\"@type\":\"ImageObject\",\"inLanguage\":\"es\",\"@id\":\"https:\\\/\\\/testednutrients.com\\\/es\\\/#\\\/schema\\\/logo\\\/image\\\/\",\"url\":\"https:\\\/\\\/testednutrients.com\\\/wp-content\\\/uploads\\\/2024\\\/02\\\/tested-nutrients-logo-tm-1-1.png\",\"contentUrl\":\"https:\\\/\\\/testednutrients.com\\\/wp-content\\\/uploads\\\/2024\\\/02\\\/tested-nutrients-logo-tm-1-1.png\",\"width\":2465,\"height\":648,\"caption\":\"Tested Nutrients\"},\"image\":{\"@id\":\"https:\\\/\\\/testednutrients.com\\\/es\\\/#\\\/schema\\\/logo\\\/image\\\/\"},\"sameAs\":[\"https:\\\/\\\/www.facebook.com\\\/testednutrients\\\/\",\"https:\\\/\\\/www.instagram.com\\\/testednutrients\\\/\"]}]}<\/script>\n<!-- \/ Yoast SEO Premium plugin. -->","yoast_head_json":{"title":"Irvingia Gabonensis IGOB131\u00ae - Tested Nutrients","description":"Irvingia Gabonensis IGOB131\u00ae trabaja para bajar los niveles de az\u00facar en la sangre, bajar el colesterol y frenar el aumento de peso.","robots":{"index":"index","follow":"follow","max-snippet":"max-snippet:-1","max-image-preview":"max-image-preview:large","max-video-preview":"max-video-preview:-1"},"canonical":"https:\/\/testednutrients.com\/es\/product\/irvingia-igob131-2\/","og_locale":"es_ES","og_type":"article","og_title":"Irvingia Gabonensis IGOB131\u00ae","og_description":"Irvingia Gabonensis IGOB131\u00ae trabaja para bajar los niveles de az\u00facar en la sangre, bajar el colesterol y frenar el aumento de peso.","og_url":"https:\/\/testednutrients.com\/es\/product\/irvingia-igob131-2\/","og_site_name":"Tested Nutrients","article_publisher":"https:\/\/www.facebook.com\/testednutrients\/","article_modified_time":"2025-10-29T16:18:52+00:00","og_image":[{"width":600,"height":600,"url":"https:\/\/testednutrients.com\/wp-content\/uploads\/2021\/04\/IGOB131-NEW-1.png","type":"image\/png"}],"twitter_card":"summary_large_image","twitter_misc":{"Tiempo de lectura":"2 minutos"},"schema":{"@context":"https:\/\/schema.org","@graph":[{"@type":"WebPage","@id":"https:\/\/testednutrients.com\/es\/product\/irvingia-igob131-2\/","url":"https:\/\/testednutrients.com\/es\/product\/irvingia-igob131-2\/","name":"Irvingia Gabonensis IGOB131\u00ae - Tested Nutrients","isPartOf":{"@id":"https:\/\/testednutrients.com\/es\/#website"},"primaryImageOfPage":{"@id":"https:\/\/testednutrients.com\/es\/product\/irvingia-igob131-2\/#primaryimage"},"image":{"@id":"https:\/\/testednutrients.com\/es\/product\/irvingia-igob131-2\/#primaryimage"},"thumbnailUrl":"https:\/\/testednutrients.com\/wp-content\/uploads\/2021\/04\/IGOB131-NEW-1.png","datePublished":"2021-04-19T22:54:19+00:00","dateModified":"2025-10-29T16:18:52+00:00","description":"Irvingia Gabonensis IGOB131\u00ae trabaja para bajar los niveles de az\u00facar en la sangre, bajar el colesterol y frenar el aumento de peso.","breadcrumb":{"@id":"https:\/\/testednutrients.com\/es\/product\/irvingia-igob131-2\/#breadcrumb"},"inLanguage":"es","potentialAction":[{"@type":"ReadAction","target":["https:\/\/testednutrients.com\/es\/product\/irvingia-igob131-2\/"]}]},{"@type":"ImageObject","inLanguage":"es","@id":"https:\/\/testednutrients.com\/es\/product\/irvingia-igob131-2\/#primaryimage","url":"https:\/\/testednutrients.com\/wp-content\/uploads\/2021\/04\/IGOB131-NEW-1.png","contentUrl":"https:\/\/testednutrients.com\/wp-content\/uploads\/2021\/04\/IGOB131-NEW-1.png","width":600,"height":600},{"@type":"BreadcrumbList","@id":"https:\/\/testednutrients.com\/es\/product\/irvingia-igob131-2\/#breadcrumb","itemListElement":[{"@type":"ListItem","position":1,"name":"Home","item":"https:\/\/testednutrients.com\/es\/"},{"@type":"ListItem","position":2,"name":"Productos","item":"https:\/\/testednutrients.com\/es\/productos\/"},{"@type":"ListItem","position":3,"name":"Irvingia Gabonensis IGOB131\u00ae"}]},{"@type":"WebSite","@id":"https:\/\/testednutrients.com\/es\/#website","url":"https:\/\/testednutrients.com\/es\/","name":"Tested Nutrients","description":"En Tested Nutrients fabricamos nuestros productos para nuestros clientes, pero tambi&eacute;n los fabricamos para nosotros y para nuestros seres queridos.","publisher":{"@id":"https:\/\/testednutrients.com\/es\/#organization"},"alternateName":"Tested Nutrients","potentialAction":[{"@type":"SearchAction","target":{"@type":"EntryPoint","urlTemplate":"https:\/\/testednutrients.com\/es\/?s={search_term_string}"},"query-input":{"@type":"PropertyValueSpecification","valueRequired":true,"valueName":"search_term_string"}}],"inLanguage":"es"},{"@type":"Organization","@id":"https:\/\/testednutrients.com\/es\/#organization","name":"Tested Nutrients","url":"https:\/\/testednutrients.com\/es\/","logo":{"@type":"ImageObject","inLanguage":"es","@id":"https:\/\/testednutrients.com\/es\/#\/schema\/logo\/image\/","url":"https:\/\/testednutrients.com\/wp-content\/uploads\/2024\/02\/tested-nutrients-logo-tm-1-1.png","contentUrl":"https:\/\/testednutrients.com\/wp-content\/uploads\/2024\/02\/tested-nutrients-logo-tm-1-1.png","width":2465,"height":648,"caption":"Tested Nutrients"},"image":{"@id":"https:\/\/testednutrients.com\/es\/#\/schema\/logo\/image\/"},"sameAs":["https:\/\/www.facebook.com\/testednutrients\/","https:\/\/www.instagram.com\/testednutrients\/"]}]}},"_links":{"self":[{"href":"https:\/\/testednutrients.com\/es\/wp-json\/wp\/v2\/product\/2566","targetHints":{"allow":["GET"]}}],"collection":[{"href":"https:\/\/testednutrients.com\/es\/wp-json\/wp\/v2\/product"}],"about":[{"href":"https:\/\/testednutrients.com\/es\/wp-json\/wp\/v2\/types\/product"}],"replies":[{"embeddable":true,"href":"https:\/\/testednutrients.com\/es\/wp-json\/wp\/v2\/comments?post=2566"}],"wp:featuredmedia":[{"embeddable":true,"href":"https:\/\/testednutrients.com\/es\/wp-json\/wp\/v2\/media\/12399"}],"wp:attachment":[{"href":"https:\/\/testednutrients.com\/es\/wp-json\/wp\/v2\/media?parent=2566"}],"wp:term":[{"taxonomy":"product_brand","embeddable":true,"href":"https:\/\/testednutrients.com\/es\/wp-json\/wp\/v2\/product_brand?post=2566"},{"taxonomy":"product_cat","embeddable":true,"href":"https:\/\/testednutrients.com\/es\/wp-json\/wp\/v2\/product_cat?post=2566"},{"taxonomy":"product_tag","embeddable":true,"href":"https:\/\/testednutrients.com\/es\/wp-json\/wp\/v2\/product_tag?post=2566"}],"curies":[{"name":"wp","href":"https:\/\/api.w.org\/{rel}","templated":true}]}}