{"id":2563,"date":"2021-04-19T22:49:05","date_gmt":"2021-04-19T22:49:05","guid":{"rendered":"https:\/\/testednutrients.com\/?post_type=product&#038;p=2563"},"modified":"2026-05-08T14:25:54","modified_gmt":"2026-05-08T18:25:54","slug":"optimized-l-arginine-nitric-oxide-booster-2","status":"publish","type":"product","link":"https:\/\/testednutrients.com\/es\/product\/optimized-l-arginine-nitric-oxide-booster-2\/","title":{"rendered":"Optimized L-Arginine"},"content":{"rendered":"<h3>La bebida antienvejecimiento que podr\u00eda ser La Clave para mantener una Presi\u00f3n Arterial Perfecta<\/h3>\n<p>Las enfermedades card\u00edacas, la presi\u00f3n arterial alta y la mala circulaci\u00f3n afectan a millones de personas, y los riesgos aumentan con la edad.<\/p>\n<p>\u00bfY si existiera una soluci\u00f3n natural y respaldada por la ciencia para mejorar tu salud cardiovascular, optimizar el flujo sangu\u00edneo y mantener una presi\u00f3n arterial perfecta?<\/p>\n<p>Te presentamos Optimized L-Arginine Nitric Oxide Booster, una f\u00f3rmula innovadora inspirada en la investigaci\u00f3n ganadora del Premio Nobel sobre el \u00d3xido N\u00edtrico, la \u201cmol\u00e9cula milagrosa\u201d para la salud del coraz\u00f3n.<\/p>\n<h3>\u00bfPor qu\u00e9 tu coraz\u00f3n necesita \u00d3xido N\u00edtrico?<\/h3>\n<p>A medida que envejecemos, la capacidad de nuestro cuerpo para producir \u00d3xido N\u00edtrico disminuye, afectando la presi\u00f3n arterial, la circulaci\u00f3n y la salud cardiovascular en general.<\/p>\n<p>El \u00d3xido N\u00edtrico es fundamental para:<\/p>\n<p>\u2705 Relajar los vasos sangu\u00edneos y mejorar el flujo sangu\u00edneo.<\/p>\n<p>\u2705 Mantener una presi\u00f3n arterial saludable de forma natural.<\/p>\n<p>\u2705 Proteger contra la formaci\u00f3n de placas y co\u00e1gulos en las arterias.<\/p>\n<p>Optimized L-Arginine restaura los niveles de \u00d3xido N\u00edtrico de tu cuerpo, ayudando a que tu coraz\u00f3n y tus vasos sangu\u00edneos funcionen como deber\u00edan.<\/p>\n<h3>La potencia detr\u00e1s de la f\u00f3rmula<\/h3>\n<p>Esta no es una simple suplementaci\u00f3n; es una mezcla cuidadosamente dise\u00f1ada de nutrientes respaldados por la ciencia:<\/p>\n<ul>\n<li><strong>L-Arginina + L-Citrulina<\/strong>: Trabajan juntas para aumentar los niveles de \u00d3xido N\u00edtrico, mejorando la circulaci\u00f3n y reduciendo la presi\u00f3n arterial.<\/li>\n<li><strong>Trimetilglicina (TMG)<\/strong>: Reduce la homociste\u00edna, disminuyendo la inflamaci\u00f3n arterial y apoyando la salud de los vasos sangu\u00edneos.<\/li>\n<li><strong>CoQ10 y Resveratrol<\/strong>: Energizan el coraz\u00f3n, protegen contra el envejecimiento y combaten el estr\u00e9s oxidativo.<\/li>\n<li><strong>Vitaminas Esenciales<\/strong>: Incluye Vitamina D3, Vitamina C, Vitaminas B2, B6, B9, B12 y Vitamina E, todas dise\u00f1adas para apoyar la salud del coraz\u00f3n y el bienestar general.<\/li>\n<\/ul>\n<p>Con solo un vaso al d\u00eda, estar\u00e1s proporcionando a tu coraz\u00f3n y cuerpo todo lo que necesitan para prosperar.<\/p>\n<h3>Siente la diferencia<\/h3>\n<p>Imagina:<\/p>\n<p>\ud83d\udc99 Una presi\u00f3n arterial que se mantiene en rangos saludables.<\/p>\n<p>\ud83d\udc99 Una circulaci\u00f3n mejorada que te llena de energ\u00eda.<\/p>\n<p>\ud83d\udc99 Protecci\u00f3n contra enfermedades del coraz\u00f3n, diabetes e incluso el deterioro cognitivo.<\/p>\n<p>No se trata solo de evitar enfermedades, sino de disfrutar la vida al m\u00e1ximo, con un coraz\u00f3n y un cuerpo que funcionan tan bien como t\u00fa.<\/p>\n<h3>Ciencia comprobada, resultados reales<\/h3>\n<p>Inspirada en investigaciones ganadoras del Premio Nobel, nuestra f\u00f3rmula cuenta con estudios que demuestran:<\/p>\n<p>\ud83d\udcca<a href=\"https:\/\/www.ahajournals.org\/doi\/10.1161\/01.CIR.96.4.1282\"> L-Arginina reduce la presi\u00f3n arterial y ralentiza la progresi\u00f3n de la aterosclerosis.<\/a><\/p>\n<p>\ud83d\udcca <a href=\"https:\/\/www.mdpi.com\/2306-5710\/8\/3\/48\">L-Citrulina complementa a la L-Arginina para mejorar a\u00fan m\u00e1s la circulaci\u00f3n y la resistencia.<\/a><\/p>\n<p>\ud83d\udcca <a href=\"https:\/\/pmc.ncbi.nlm.nih.gov\/articles\/PMC3610948\/\">TMG reduce la homociste\u00edna, un factor de riesgo para enfermedades card\u00edacas y el envejecimiento.<\/a><\/p>\n<p>Cuando se trata de la salud del coraz\u00f3n, la ciencia es clara: el \u00d3xido N\u00edtrico marca la diferencia.<\/p>\n<h3>Tu coraz\u00f3n merece el mejor cuidado<\/h3>\n<p>Da el primer paso hacia:<\/p>\n<p>\u2705 Reducir la presi\u00f3n arterial.<\/p>\n<p>\u2705 Mejorar la circulaci\u00f3n y la salud cardiovascular.<\/p>\n<p>\u2705 Disfrutar de una vida vibrante y activa a cualquier edad.<\/p>\n<p>Tu coraz\u00f3n trabaja por ti cada segundo del d\u00eda. Es hora de devolverle el favor.<\/p>\n<p><strong><a href=\"https:\/\/testednutrients.com\/es\/products\/optimized-l-arginine-nitric-oxide-booster-2\/\">Prueba Optimized L-Arginine hoy y descubre la diferencia que un coraz\u00f3n saludable puede hacer en tu vida.<\/a><\/strong><\/p>\n<p><strong>INVESTIGACIONES CIENT\u00cdFICAS DESTACADAS:<\/strong><\/p>\n<p><strong>Ganadores del Premio Nobel por el descubrimiento del \u00f3xido n\u00edtrico:<\/strong> Robert F. Furchgott, Louis J. Ignarro y Ferid Murad compartieron el Premio Noble en 1998 por sus descubrimientos sobre el \u00f3xido n\u00edtrico en el sistema cardiovascular, <a href=\"https:\/\/academic.oup.com\/eurheartj\/article\/40\/22\/1747\/5512074\">European Heart Journal<\/a><\/p>\n<p><strong>La l-arginina reduce la presi\u00f3n arterial sist\u00f3lica y diast\u00f3lica en adultos hipertensos<\/strong>:\u00a0<a href=\"https:\/\/www.ncbi.nlm.nih.gov\/pmc\/articles\/PMC5021928\/\" target=\"_blank\" rel=\"noopener\">https:\/\/www.ncbi.nlm.nih.gov\/pmc\/articles\/PMC5021928\/<\/a><\/p>\n<p><strong>La l-arginina diet\u00e9tica reduce la progresi\u00f3n de la aterosclerosis<\/strong>: <a href=\"https:\/\/www.ahajournals.org\/doi\/10.1161\/01.CIR.96.4.1282\" target=\"_blank\" rel=\"noopener\">https:\/\/www.ahajournals.org\/doi\/10.1161\/01.CIR.96.4.1282<\/a><\/p>\n<p><strong>Efectos del consumo de L-arginina, L-citrulina (y su combinaci\u00f3n) en forma de bebida o polvo sobre el rendimiento atl\u00e9tico y f\u00edsico<\/strong>: https:\/\/www.mdpi.com\/2306-5710\/8\/3\/48<\/p>\n<p><strong>Una combinaci\u00f3n de L-citrulina y L-arginina oral mejor\u00f3 el test de ciclismo de 10 minutos a m\u00e1xima potencia en jugadores de f\u00fatbol universitarios masculinos<\/strong>: un ensayo cruzado aleatorio. Eur J Appl Physiol; <a href=\"https:\/\/pubmed.ncbi.nlm.nih.gov\/30847640\/\">https:\/\/pubmed.ncbi.nlm.nih.gov\/30847640\/<\/a><\/p>\n<p><strong>Administraci\u00f3n de L-arginina m\u00e1s L-citrulina o L-citrulina sola con \u00e9xito retard\u00f3 el envejecimiento endotelial<\/strong>: \u00a0<a href=\"https:\/\/pubmed.ncbi.nlm.nih.gov\/29415069\/\">https:\/\/pubmed.ncbi.nlm.nih.gov\/29415069\/<\/a><\/p>\n<p><strong>La L-arginina ejerce excelentes efectos antiestr\u00e9s en la reducci\u00f3n de la vida \u00fatil inducida por el estr\u00e9s, el deterioro cognitivo y la depresi\u00f3n<\/strong>:\u00a0<a href=\"https:\/\/pubmed.ncbi.nlm.nih.gov\/33419170\/\">https:\/\/pubmed.ncbi.nlm.nih.gov\/33419170\/<\/a><\/p>\n<p><strong>L-arginina oral mejora la funci\u00f3n sexual en hombres con disfunci\u00f3n er\u00e9ctil<\/strong>:\u00a0<a href=\"https:\/\/www.mayoclinic.org\/drugs-supplements-l-arginine\/art-20364681\" target=\"_blank\" rel=\"noopener\">https:\/\/www.mayoclinic.org\/drugs-supplements-l-arginine\/art-20364681<\/a><\/p>\n<p><strong>La trimetilglicina (TMG), tambi\u00e9n conocida como beta\u00edna, puede reducir los niveles de homociste\u00edna<\/strong>: <a href=\"https:\/\/pmc.ncbi.nlm.nih.gov\/articles\/PMC3610948\/\">https:\/\/pmc.ncbi.nlm.nih.gov\/articles\/PMC3610948\/<\/a><\/p>\n","protected":false},"excerpt":{"rendered":"<p><strong>Mejora la salud de los vasos sangu\u00edneos, la presi\u00f3n arterial y el flujo sangu\u00edneo<\/strong><\/p>\n<p>La mezcla de nutrientes antioxidantes y antiinflamatorios en Optimized L-Arginine con Resveratrol<strong>,<\/strong> aumenta la producci\u00f3n de \u00f3xido n\u00edtrico en el cuerpo, lo que relaja y dilata (abre) las venas y arterias, mejora el flujo sangu\u00edneo y mantiene la presi\u00f3n arterial controlada.<\/p>\n<p>Experimenta una energ\u00eda renovada y toma el control de tu bienestar cardiovascular hoy mismo.<\/p>\n<div class=\"product-info-box\">\n<h4>\u00a1Abast\u00e9cete y ahorra!<\/h4>\n<ul>\n<li>Compra 3 por $49.18 c\/u y <strong>ahorra 18%<\/strong><\/li>\n<li>Compra 5 por $44.98 c\/u y <strong>ahorra 25%<\/strong><\/li>\n<\/ul>\n<\/div>\n","protected":false},"featured_media":12513,"comment_status":"open","ping_status":"closed","template":"","meta":{"om_disable_all_campaigns":false,"_analytify_skip_tracking":false},"product_brand":[],"product_cat":[56,57,58],"product_tag":[],"class_list":{"0":"post-2563","1":"product","2":"type-product","3":"status-publish","4":"has-post-thumbnail","6":"product_cat-circulacion","7":"product_cat-presion-arterial","8":"product_cat-salud-del-corazon","9":"product_shipping_class-free-shipping","11":"first","12":"instock","13":"featured","14":"taxable","15":"shipping-taxable","16":"purchasable","17":"product-type-simple"},"bundled_by":["10286"],"bundle_stock_status":"instock","bundle_stock_quantity":null,"bundle_virtual":false,"bundle_layout":"","bundle_add_to_cart_form_location":"","bundle_editable_in_cart":false,"bundle_sold_individually_context":"","bundle_item_grouping":"","bundle_min_size":"","bundle_max_size":"","bundle_price":[],"bundled_items":[],"bundle_sell_ids":[],"yoast_head":"<!-- This site is optimized with the Yoast SEO Premium plugin v27.5 (Yoast SEO v27.5) - https:\/\/yoast.com\/product\/yoast-seo-premium-wordpress\/ -->\n<title>Optimized L-Arginine - Tested Nutrients<\/title>\n<meta name=\"description\" content=\"Optimized L-Arginine con Resveratrol: Vitalidad Vascular Avanzada. Aumenta la producci\u00f3n de \u00f3xido n\u00edtrico lo que ayuda a bajar la presi\u00f3n arterial alta.\" \/>\n<meta name=\"robots\" content=\"index, follow, max-snippet:-1, max-image-preview:large, max-video-preview:-1\" \/>\n<link rel=\"canonical\" href=\"https:\/\/testednutrients.com\/es\/product\/optimized-l-arginine-nitric-oxide-booster-2\/\" \/>\n<meta property=\"og:locale\" content=\"es_ES\" \/>\n<meta property=\"og:type\" content=\"article\" \/>\n<meta property=\"og:title\" content=\"Optimized L-Arginine\" \/>\n<meta property=\"og:description\" content=\"Optimized L-Arginine con Resveratrol: Vitalidad Vascular Avanzada. Aumenta la producci\u00f3n de \u00f3xido n\u00edtrico lo que ayuda a bajar la presi\u00f3n arterial alta.\" \/>\n<meta property=\"og:url\" content=\"https:\/\/testednutrients.com\/es\/product\/optimized-l-arginine-nitric-oxide-booster-2\/\" \/>\n<meta property=\"og:site_name\" content=\"Tested Nutrients\" \/>\n<meta property=\"article:publisher\" content=\"https:\/\/www.facebook.com\/testednutrients\/\" \/>\n<meta property=\"article:modified_time\" content=\"2026-05-08T18:25:54+00:00\" \/>\n<meta property=\"og:image\" content=\"https:\/\/testednutrients.com\/wp-content\/uploads\/2021\/04\/Tested-Nutrients-Optimized-L-Arginine-with-Resveratrol.png\" \/>\n\t<meta property=\"og:image:width\" content=\"1024\" \/>\n\t<meta property=\"og:image:height\" content=\"1024\" \/>\n\t<meta property=\"og:image:type\" content=\"image\/png\" \/>\n<meta name=\"twitter:card\" content=\"summary_large_image\" \/>\n<meta name=\"twitter:label1\" content=\"Tiempo de lectura\" \/>\n\t<meta name=\"twitter:data1\" content=\"4 minutos\" \/>\n<script type=\"application\/ld+json\" class=\"yoast-schema-graph\">{\"@context\":\"https:\\\/\\\/schema.org\",\"@graph\":[{\"@type\":\"WebPage\",\"@id\":\"https:\\\/\\\/testednutrients.com\\\/es\\\/product\\\/optimized-l-arginine-nitric-oxide-booster-2\\\/\",\"url\":\"https:\\\/\\\/testednutrients.com\\\/es\\\/product\\\/optimized-l-arginine-nitric-oxide-booster-2\\\/\",\"name\":\"Optimized L-Arginine - Tested Nutrients\",\"isPartOf\":{\"@id\":\"https:\\\/\\\/testednutrients.com\\\/es\\\/#website\"},\"primaryImageOfPage\":{\"@id\":\"https:\\\/\\\/testednutrients.com\\\/es\\\/product\\\/optimized-l-arginine-nitric-oxide-booster-2\\\/#primaryimage\"},\"image\":{\"@id\":\"https:\\\/\\\/testednutrients.com\\\/es\\\/product\\\/optimized-l-arginine-nitric-oxide-booster-2\\\/#primaryimage\"},\"thumbnailUrl\":\"https:\\\/\\\/testednutrients.com\\\/wp-content\\\/uploads\\\/2021\\\/04\\\/Tested-Nutrients-Optimized-L-Arginine-with-Resveratrol.png\",\"datePublished\":\"2021-04-19T22:49:05+00:00\",\"dateModified\":\"2026-05-08T18:25:54+00:00\",\"description\":\"Optimized L-Arginine con Resveratrol: Vitalidad Vascular Avanzada. Aumenta la producci\u00f3n de \u00f3xido n\u00edtrico lo que ayuda a bajar la presi\u00f3n arterial alta.\",\"breadcrumb\":{\"@id\":\"https:\\\/\\\/testednutrients.com\\\/es\\\/product\\\/optimized-l-arginine-nitric-oxide-booster-2\\\/#breadcrumb\"},\"inLanguage\":\"es\",\"potentialAction\":[{\"@type\":\"ReadAction\",\"target\":[\"https:\\\/\\\/testednutrients.com\\\/es\\\/product\\\/optimized-l-arginine-nitric-oxide-booster-2\\\/\"]}]},{\"@type\":\"ImageObject\",\"inLanguage\":\"es\",\"@id\":\"https:\\\/\\\/testednutrients.com\\\/es\\\/product\\\/optimized-l-arginine-nitric-oxide-booster-2\\\/#primaryimage\",\"url\":\"https:\\\/\\\/testednutrients.com\\\/wp-content\\\/uploads\\\/2021\\\/04\\\/Tested-Nutrients-Optimized-L-Arginine-with-Resveratrol.png\",\"contentUrl\":\"https:\\\/\\\/testednutrients.com\\\/wp-content\\\/uploads\\\/2021\\\/04\\\/Tested-Nutrients-Optimized-L-Arginine-with-Resveratrol.png\",\"width\":1024,\"height\":1024},{\"@type\":\"BreadcrumbList\",\"@id\":\"https:\\\/\\\/testednutrients.com\\\/es\\\/product\\\/optimized-l-arginine-nitric-oxide-booster-2\\\/#breadcrumb\",\"itemListElement\":[{\"@type\":\"ListItem\",\"position\":1,\"name\":\"Home\",\"item\":\"https:\\\/\\\/testednutrients.com\\\/es\\\/\"},{\"@type\":\"ListItem\",\"position\":2,\"name\":\"Productos\",\"item\":\"https:\\\/\\\/testednutrients.com\\\/es\\\/productos\\\/\"},{\"@type\":\"ListItem\",\"position\":3,\"name\":\"Optimized L-Arginine\"}]},{\"@type\":\"WebSite\",\"@id\":\"https:\\\/\\\/testednutrients.com\\\/es\\\/#website\",\"url\":\"https:\\\/\\\/testednutrients.com\\\/es\\\/\",\"name\":\"Tested Nutrients\",\"description\":\"En Tested Nutrients fabricamos nuestros productos para nuestros clientes, pero tambi&eacute;n los fabricamos para nosotros y para nuestros seres queridos.\",\"publisher\":{\"@id\":\"https:\\\/\\\/testednutrients.com\\\/es\\\/#organization\"},\"alternateName\":\"Tested Nutrients\",\"potentialAction\":[{\"@type\":\"SearchAction\",\"target\":{\"@type\":\"EntryPoint\",\"urlTemplate\":\"https:\\\/\\\/testednutrients.com\\\/es\\\/?s={search_term_string}\"},\"query-input\":{\"@type\":\"PropertyValueSpecification\",\"valueRequired\":true,\"valueName\":\"search_term_string\"}}],\"inLanguage\":\"es\"},{\"@type\":\"Organization\",\"@id\":\"https:\\\/\\\/testednutrients.com\\\/es\\\/#organization\",\"name\":\"Tested Nutrients\",\"url\":\"https:\\\/\\\/testednutrients.com\\\/es\\\/\",\"logo\":{\"@type\":\"ImageObject\",\"inLanguage\":\"es\",\"@id\":\"https:\\\/\\\/testednutrients.com\\\/es\\\/#\\\/schema\\\/logo\\\/image\\\/\",\"url\":\"https:\\\/\\\/testednutrients.com\\\/wp-content\\\/uploads\\\/2024\\\/02\\\/tested-nutrients-logo-tm-1-1.png\",\"contentUrl\":\"https:\\\/\\\/testednutrients.com\\\/wp-content\\\/uploads\\\/2024\\\/02\\\/tested-nutrients-logo-tm-1-1.png\",\"width\":2465,\"height\":648,\"caption\":\"Tested Nutrients\"},\"image\":{\"@id\":\"https:\\\/\\\/testednutrients.com\\\/es\\\/#\\\/schema\\\/logo\\\/image\\\/\"},\"sameAs\":[\"https:\\\/\\\/www.facebook.com\\\/testednutrients\\\/\",\"https:\\\/\\\/www.instagram.com\\\/testednutrients\\\/\"]}]}<\/script>\n<!-- \/ Yoast SEO Premium plugin. -->","yoast_head_json":{"title":"Optimized L-Arginine - Tested Nutrients","description":"Optimized L-Arginine con Resveratrol: Vitalidad Vascular Avanzada. Aumenta la producci\u00f3n de \u00f3xido n\u00edtrico lo que ayuda a bajar la presi\u00f3n arterial alta.","robots":{"index":"index","follow":"follow","max-snippet":"max-snippet:-1","max-image-preview":"max-image-preview:large","max-video-preview":"max-video-preview:-1"},"canonical":"https:\/\/testednutrients.com\/es\/product\/optimized-l-arginine-nitric-oxide-booster-2\/","og_locale":"es_ES","og_type":"article","og_title":"Optimized L-Arginine","og_description":"Optimized L-Arginine con Resveratrol: Vitalidad Vascular Avanzada. Aumenta la producci\u00f3n de \u00f3xido n\u00edtrico lo que ayuda a bajar la presi\u00f3n arterial alta.","og_url":"https:\/\/testednutrients.com\/es\/product\/optimized-l-arginine-nitric-oxide-booster-2\/","og_site_name":"Tested Nutrients","article_publisher":"https:\/\/www.facebook.com\/testednutrients\/","article_modified_time":"2026-05-08T18:25:54+00:00","og_image":[{"width":1024,"height":1024,"url":"https:\/\/testednutrients.com\/wp-content\/uploads\/2021\/04\/Tested-Nutrients-Optimized-L-Arginine-with-Resveratrol.png","type":"image\/png"}],"twitter_card":"summary_large_image","twitter_misc":{"Tiempo de lectura":"4 minutos"},"schema":{"@context":"https:\/\/schema.org","@graph":[{"@type":"WebPage","@id":"https:\/\/testednutrients.com\/es\/product\/optimized-l-arginine-nitric-oxide-booster-2\/","url":"https:\/\/testednutrients.com\/es\/product\/optimized-l-arginine-nitric-oxide-booster-2\/","name":"Optimized L-Arginine - Tested Nutrients","isPartOf":{"@id":"https:\/\/testednutrients.com\/es\/#website"},"primaryImageOfPage":{"@id":"https:\/\/testednutrients.com\/es\/product\/optimized-l-arginine-nitric-oxide-booster-2\/#primaryimage"},"image":{"@id":"https:\/\/testednutrients.com\/es\/product\/optimized-l-arginine-nitric-oxide-booster-2\/#primaryimage"},"thumbnailUrl":"https:\/\/testednutrients.com\/wp-content\/uploads\/2021\/04\/Tested-Nutrients-Optimized-L-Arginine-with-Resveratrol.png","datePublished":"2021-04-19T22:49:05+00:00","dateModified":"2026-05-08T18:25:54+00:00","description":"Optimized L-Arginine con Resveratrol: Vitalidad Vascular Avanzada. Aumenta la producci\u00f3n de \u00f3xido n\u00edtrico lo que ayuda a bajar la presi\u00f3n arterial alta.","breadcrumb":{"@id":"https:\/\/testednutrients.com\/es\/product\/optimized-l-arginine-nitric-oxide-booster-2\/#breadcrumb"},"inLanguage":"es","potentialAction":[{"@type":"ReadAction","target":["https:\/\/testednutrients.com\/es\/product\/optimized-l-arginine-nitric-oxide-booster-2\/"]}]},{"@type":"ImageObject","inLanguage":"es","@id":"https:\/\/testednutrients.com\/es\/product\/optimized-l-arginine-nitric-oxide-booster-2\/#primaryimage","url":"https:\/\/testednutrients.com\/wp-content\/uploads\/2021\/04\/Tested-Nutrients-Optimized-L-Arginine-with-Resveratrol.png","contentUrl":"https:\/\/testednutrients.com\/wp-content\/uploads\/2021\/04\/Tested-Nutrients-Optimized-L-Arginine-with-Resveratrol.png","width":1024,"height":1024},{"@type":"BreadcrumbList","@id":"https:\/\/testednutrients.com\/es\/product\/optimized-l-arginine-nitric-oxide-booster-2\/#breadcrumb","itemListElement":[{"@type":"ListItem","position":1,"name":"Home","item":"https:\/\/testednutrients.com\/es\/"},{"@type":"ListItem","position":2,"name":"Productos","item":"https:\/\/testednutrients.com\/es\/productos\/"},{"@type":"ListItem","position":3,"name":"Optimized L-Arginine"}]},{"@type":"WebSite","@id":"https:\/\/testednutrients.com\/es\/#website","url":"https:\/\/testednutrients.com\/es\/","name":"Tested Nutrients","description":"En Tested Nutrients fabricamos nuestros productos para nuestros clientes, pero tambi&eacute;n los fabricamos para nosotros y para nuestros seres queridos.","publisher":{"@id":"https:\/\/testednutrients.com\/es\/#organization"},"alternateName":"Tested Nutrients","potentialAction":[{"@type":"SearchAction","target":{"@type":"EntryPoint","urlTemplate":"https:\/\/testednutrients.com\/es\/?s={search_term_string}"},"query-input":{"@type":"PropertyValueSpecification","valueRequired":true,"valueName":"search_term_string"}}],"inLanguage":"es"},{"@type":"Organization","@id":"https:\/\/testednutrients.com\/es\/#organization","name":"Tested Nutrients","url":"https:\/\/testednutrients.com\/es\/","logo":{"@type":"ImageObject","inLanguage":"es","@id":"https:\/\/testednutrients.com\/es\/#\/schema\/logo\/image\/","url":"https:\/\/testednutrients.com\/wp-content\/uploads\/2024\/02\/tested-nutrients-logo-tm-1-1.png","contentUrl":"https:\/\/testednutrients.com\/wp-content\/uploads\/2024\/02\/tested-nutrients-logo-tm-1-1.png","width":2465,"height":648,"caption":"Tested Nutrients"},"image":{"@id":"https:\/\/testednutrients.com\/es\/#\/schema\/logo\/image\/"},"sameAs":["https:\/\/www.facebook.com\/testednutrients\/","https:\/\/www.instagram.com\/testednutrients\/"]}]}},"_links":{"self":[{"href":"https:\/\/testednutrients.com\/es\/wp-json\/wp\/v2\/product\/2563","targetHints":{"allow":["GET"]}}],"collection":[{"href":"https:\/\/testednutrients.com\/es\/wp-json\/wp\/v2\/product"}],"about":[{"href":"https:\/\/testednutrients.com\/es\/wp-json\/wp\/v2\/types\/product"}],"replies":[{"embeddable":true,"href":"https:\/\/testednutrients.com\/es\/wp-json\/wp\/v2\/comments?post=2563"}],"wp:featuredmedia":[{"embeddable":true,"href":"https:\/\/testednutrients.com\/es\/wp-json\/wp\/v2\/media\/12513"}],"wp:attachment":[{"href":"https:\/\/testednutrients.com\/es\/wp-json\/wp\/v2\/media?parent=2563"}],"wp:term":[{"taxonomy":"product_brand","embeddable":true,"href":"https:\/\/testednutrients.com\/es\/wp-json\/wp\/v2\/product_brand?post=2563"},{"taxonomy":"product_cat","embeddable":true,"href":"https:\/\/testednutrients.com\/es\/wp-json\/wp\/v2\/product_cat?post=2563"},{"taxonomy":"product_tag","embeddable":true,"href":"https:\/\/testednutrients.com\/es\/wp-json\/wp\/v2\/product_tag?post=2563"}],"curies":[{"name":"wp","href":"https:\/\/api.w.org\/{rel}","templated":true}]}}