{"id":2534,"date":"2019-03-15T13:52:36","date_gmt":"2019-03-15T13:52:36","guid":{"rendered":"https:\/\/testednutrients.com\/?post_type=product&#038;p=2534"},"modified":"2024-08-23T11:01:56","modified_gmt":"2024-08-23T15:01:56","slug":"ubiquinol","status":"publish","type":"product","link":"https:\/\/testednutrients.com\/es\/product\/ubiquinol\/","title":{"rendered":"Advanced CoQ10 Ubiquinol"},"content":{"rendered":"<p><strong>Reducir los niveles de az\u00facar en la sangre<\/strong>\u00a0para prevenir o combatir la diabetes tipo 2 y gozar de una mejor calidad de vida y esperanza de vida.<\/p>\n<p><strong>Mejorar el funcionamiento y la salud del coraz\u00f3n<\/strong> al aumentar la fracci\u00f3n de eyecci\u00f3n del coraz\u00f3n hasta en un 17%.<\/p>\n<p><strong>Aumentar la energ\u00eda<\/strong>\u00a0al intervenir en la producci\u00f3n de ATP (la mol\u00e9cula necesaria para obtener energ\u00eda celular).<\/p>\n<p><b>Fortalecer el sistema inmunol\u00f3gico <\/b>al proveer la energ\u00eda que las c\u00e9lulas y \u00f3rganos del sistema inmune necesitan para funcionar apropiadamente.<\/p>\n<p><strong>Proteger contra las enfermedades degenerativas<\/strong>\u00a0al prevenir el da\u00f1o causado por los radicales libres y el colesterol LDL \u00abmalo\u00bb.<\/p>\n<p><strong>Mantener la presi\u00f3n arterial en niveles seguros<\/strong> para disminuir el riesgo de sufrir un derrame cerebral.<\/p>\n<p><strong>Advance CoQ10 Ubiquinol<\/strong> contiene <strong>100% puro KANEKA UBIQUINOL\u2122<\/strong> de Jap\u00f3n, porque el cuerpo lo absorbe mejor y se mantiene m\u00e1s tiempo en el cuerpo que la CoQ10 convencional, lo que significa que niveles \u00f3ptimos de CoQ10 se pueden recuperar de una manera m\u00e1s r\u00e1pida y eficiente, especialmente en personas mayores de 40 a\u00f1os. Compru\u00e9balo por ti mismo ahora\u2026<\/p>\n<p><strong>\u00bfQU\u00c9 ES EL UBIQUINOL?<\/strong><\/p>\n<p><strong>\u00bfEst\u00e1s tomando la forma correcta de CoQ10?<\/strong><\/p>\n<p>Millones de consumidores que optan por una vida saludable han elegido los suplementos de CoQ10 como un modo efectivo y probado de mejorar la funci\u00f3n de su coraz\u00f3n y ayudar a disfrutar de un envejecimiento saludable.<\/p>\n<p>Pero lo que la mayor\u00eda no sabe es que Ubiquinol es la forma avanzada de <a href=\"https:\/\/testednutrients.com\/estas-tomando-la-forma-correcta-de-coq10\/\">CoQ10<\/a>, lo que facilita su absorci\u00f3n por el cuerpo. \u00a1Descubre por qu\u00e9 m\u00e1s adelante!<\/p>\n<p><strong>\u00bfQu\u00e9 es CoQ10?<\/strong><\/p>\n<p>CoQ10 es un nutriente que se encuentra en todas las c\u00e9lulas del cuerpo y es esencial para la producci\u00f3n de energ\u00eda celular. Una forma \u00fatil de pensar en la funci\u00f3n de la CoQ10 en la c\u00e9lula es pensar en c\u00f3mo act\u00faa una buj\u00eda en un motor.<\/p>\n<p>La CoQ10 desempe\u00f1a un papel enormemente importante en la producci\u00f3n celular, y por eso no es extra\u00f1o que dentro de nuestro cuerpo tengamos las concentraciones m\u00e1s altas donde m\u00e1s se necesita la energ\u00eda: el coraz\u00f3n, el cerebro, el h\u00edgado y los ri\u00f1ones.<\/p>\n<p><strong>\u00bfPor qu\u00e9 deber\u00eda tomar Ubiquinol en lugar de CoQ10 normal?<\/strong><\/p>\n<p>Cuando somos j\u00f3venes y saludables, el cuerpo produce CoQ10 y la convierte en la forma activa, Ubiquinol. De hecho, en una persona joven y saludable, m\u00e1s del 95% del total de la CoQ10 est\u00e1 en forma de Ubiquinol.<\/p>\n<p>M\u00e1s de 30 estudios muestran que los niveles de Ubiquinol comienzan a disminuir a partir de los 30 a\u00f1os de edad<\/p>\n<p><strong>\u00bfCu\u00e1les son los beneficios del Ubiquinol?<\/strong><\/p>\n<p>La CoQ10 ha sido objeto de m\u00e1s de 3,000 estudios cl\u00ednicos en una amplia variedad de problemas de salud a lo largo de las \u00faltimas d\u00e9cadas. La salud del coraz\u00f3n ha sido el tema m\u00e1s investigado, probablemente porque el coraz\u00f3n es uno de los \u00f3rganos que m\u00e1s energ\u00eda requiere.<\/p>\n<p>En un estudio de 2008 se suministr\u00f3 a pacientes con fallo cardiaco congestivo el suplemento ubiquinone, con escasos o ning\u00fan resultado. Despu\u00e9s de pasar a los pacientes a Ubiquinol, los investigadores notaron un aumento significativo del nivel medio de fracci\u00f3n de eyecci\u00f3n.<\/p>\n<p><strong>\u00bfQu\u00e9 es la fracci\u00f3n de eyecci\u00f3n?<\/strong><\/p>\n<p>Piensa en este concepto como su fueran los \u00abcaballos de fuerza del coraz\u00f3n\u00bb. Los cardi\u00f3logos miden la Fracci\u00f3n de Eyecci\u00f3n como la potencia del coraz\u00f3n y su capacidad para bombear sangre al resto del cuerpo.<\/p>\n<p><strong>DATOS IMPORTANTES:<\/strong><\/p>\n<p>1 de cada 4 estadounidenses de m\u00e1s de 45 a\u00f1os toma un medicamento de estatinas.<\/p>\n<p>Los medicamentos a base de estatinas se prescriben normalmente para reducir el colesterol malo LDL.<\/p>\n<p>Desafortunadamente, esas mismas estatinas tambi\u00e9n reducen las reservas de CoQ10 de tu cuerpo, lo que puede desembocar en dolores musculares, calambres y fatiga. La mejor forma de reponer las <a href=\"https:\/\/testednutrients.com\/enfermedades-asociadas-a-la-deficiencia-de-la-coenzima-q10\/\">reservas bajas<\/a> de CoQ10 es tomar un suplemento diario de Ubiquinol.<\/p>\n<p>Ubiquinol tambi\u00e9n ofrece protecci\u00f3n antioxidante. La CoQ10 es capaz de proteger a las c\u00e9lulas frente a los da\u00f1os de los radicales libres y neutralizar el colesterol LDL \u00abmalo\u00bb solo cuando est\u00e1 en forma de Ubiquinol.<\/p>\n<p><strong>\u00bfPor qu\u00e9 no puedo simplemente comer sano para obtener Ubiquinol?<\/strong><\/p>\n<p>El Ubiquinol se puede obtener en cantidades moderadas comiendo carne, pescado y aves de corral, y en menores cantidades a\u00fan en los frutos secos y los vegetales de hoja verde. El problema es que, para obtener tan solo el m\u00ednimo recomendado de 100 mg de Ubiquinol al d\u00eda, necesitar\u00edas comer:<\/p>\n<p>7.15 lb de chuletas<br \/>\n12.75 lb de pollo<br \/>\n3.5 lb de cacahuetes<br \/>\n50 tazas de espinacas<br \/>\n120 latas de sardinas<\/p>\n<p>Puedes comer esto o tomar una c\u00e1psula de gel de 100 mg de Ubiquinol<\/p>\n<p><strong>\u00bfPor qu\u00e9 deber\u00eda tomar Ubiquinol para obtener CoQ10?<\/strong><\/p>\n<p>Ubiquinol posee mayor biodisponiblidad que la ubiquinona normal. Los estudios sugieren que el Ubiquinol es la forma m\u00e1s efectiva para ingerir. Comparado con la CoQ10, cuando tomas Ubiquinol obtienes m\u00e1s beneficios por tu dinero.<\/p>\n<p>Tomar Ubiquinol directamente supone que tu cuerpo puede absorberlo inmediatamente.<\/p>\n","protected":false},"excerpt":{"rendered":"<h4>El avance antiedad m\u00e1s importante en m\u00e1s de una d\u00e9cada<\/h4>\n<p>50 a\u00f1os de investigaciones cl\u00ednicas prueban que la CoQ10 UBIQUINOL puede mejorar el funcionamiento diario del coraz\u00f3n, aumentar la energ\u00eda y fortalecer el sistema inmunol\u00f3gico.<\/p>\n<div class=\"product-info-box\">\n<h4>\u00a1Abast\u00e9cete y Ahorra!<\/h4>\n<ul>\n<li>Compra 3 por $24 c\/u y <strong>ahorra 20%<\/strong><\/li>\n<li>Compra 6 por $23 c\/u y <strong>ahorra 23%<\/strong><\/li>\n<\/ul>\n<\/div>\n","protected":false},"featured_media":8985,"comment_status":"closed","ping_status":"closed","template":"","meta":{"om_disable_all_campaigns":false,"_analytify_skip_tracking":false},"product_brand":[],"product_cat":[55,56,57,58],"product_tag":[],"class_list":{"0":"post-2534","1":"product","2":"type-product","3":"status-publish","4":"has-post-thumbnail","6":"product_cat-antienvejecimiento","7":"product_cat-circulacion","8":"product_cat-presion-arterial","9":"product_cat-salud-del-corazon","11":"first","12":"outofstock","13":"featured","14":"taxable","15":"shipping-taxable","16":"purchasable","17":"product-type-simple"},"bundled_by":["10286"],"bundle_stock_status":"outofstock","bundle_stock_quantity":null,"bundle_virtual":false,"bundle_layout":"","bundle_add_to_cart_form_location":"","bundle_editable_in_cart":false,"bundle_sold_individually_context":"","bundle_item_grouping":"","bundle_min_size":"","bundle_max_size":"","bundle_price":[],"bundled_items":[],"bundle_sell_ids":[],"yoast_head":"<!-- This site is optimized with the Yoast SEO Premium plugin v27.5 (Yoast SEO v27.5) - https:\/\/yoast.com\/product\/yoast-seo-premium-wordpress\/ -->\n<title>Advanced CoQ10 Ubiquinol - Tested Nutrients<\/title>\n<meta name=\"robots\" content=\"index, follow, max-snippet:-1, max-image-preview:large, max-video-preview:-1\" \/>\n<link rel=\"canonical\" href=\"https:\/\/testednutrients.com\/es\/product\/ubiquinol\/\" \/>\n<meta property=\"og:locale\" content=\"es_ES\" \/>\n<meta property=\"og:type\" content=\"article\" \/>\n<meta property=\"og:title\" content=\"Advanced CoQ10 Ubiquinol\" \/>\n<meta property=\"og:description\" content=\"El avance antiedad m\u00e1s importante en m\u00e1s de una d\u00e9cada 50 a\u00f1os de investigaciones cl\u00ednicas prueban que la CoQ10 UBIQUINOL puede mejorar el funcionamiento diario del coraz\u00f3n, aumentar la energ\u00eda y fortalecer el sistema inmunol\u00f3gico.  \u00a1Abast\u00e9cete y Ahorra!   Compra 3 por $24 c\/u y ahorra 20%  Compra 6 por $23 c\/u y ahorra 23%\" \/>\n<meta property=\"og:url\" content=\"https:\/\/testednutrients.com\/es\/product\/ubiquinol\/\" \/>\n<meta property=\"og:site_name\" content=\"Tested Nutrients\" \/>\n<meta property=\"article:publisher\" content=\"https:\/\/www.facebook.com\/testednutrients\/\" \/>\n<meta property=\"article:modified_time\" content=\"2024-08-23T15:01:56+00:00\" \/>\n<meta property=\"og:image\" content=\"https:\/\/testednutrients.com\/wp-content\/uploads\/2024\/02\/CoQ10-Ubiquinol-1.jpg\" \/>\n\t<meta property=\"og:image:width\" content=\"600\" \/>\n\t<meta property=\"og:image:height\" content=\"600\" \/>\n\t<meta property=\"og:image:type\" content=\"image\/jpeg\" \/>\n<meta name=\"twitter:card\" content=\"summary_large_image\" \/>\n<meta name=\"twitter:label1\" content=\"Tiempo de lectura\" \/>\n\t<meta name=\"twitter:data1\" content=\"4 minutos\" \/>\n<script type=\"application\/ld+json\" class=\"yoast-schema-graph\">{\"@context\":\"https:\\\/\\\/schema.org\",\"@graph\":[{\"@type\":\"WebPage\",\"@id\":\"https:\\\/\\\/testednutrients.com\\\/es\\\/product\\\/ubiquinol\\\/\",\"url\":\"https:\\\/\\\/testednutrients.com\\\/es\\\/product\\\/ubiquinol\\\/\",\"name\":\"Advanced CoQ10 Ubiquinol - Tested Nutrients\",\"isPartOf\":{\"@id\":\"https:\\\/\\\/testednutrients.com\\\/es\\\/#website\"},\"primaryImageOfPage\":{\"@id\":\"https:\\\/\\\/testednutrients.com\\\/es\\\/product\\\/ubiquinol\\\/#primaryimage\"},\"image\":{\"@id\":\"https:\\\/\\\/testednutrients.com\\\/es\\\/product\\\/ubiquinol\\\/#primaryimage\"},\"thumbnailUrl\":\"https:\\\/\\\/testednutrients.com\\\/wp-content\\\/uploads\\\/2024\\\/02\\\/CoQ10-Ubiquinol-1.jpg\",\"datePublished\":\"2019-03-15T13:52:36+00:00\",\"dateModified\":\"2024-08-23T15:01:56+00:00\",\"breadcrumb\":{\"@id\":\"https:\\\/\\\/testednutrients.com\\\/es\\\/product\\\/ubiquinol\\\/#breadcrumb\"},\"inLanguage\":\"es\",\"potentialAction\":[{\"@type\":\"ReadAction\",\"target\":[\"https:\\\/\\\/testednutrients.com\\\/es\\\/product\\\/ubiquinol\\\/\"]}]},{\"@type\":\"ImageObject\",\"inLanguage\":\"es\",\"@id\":\"https:\\\/\\\/testednutrients.com\\\/es\\\/product\\\/ubiquinol\\\/#primaryimage\",\"url\":\"https:\\\/\\\/testednutrients.com\\\/wp-content\\\/uploads\\\/2024\\\/02\\\/CoQ10-Ubiquinol-1.jpg\",\"contentUrl\":\"https:\\\/\\\/testednutrients.com\\\/wp-content\\\/uploads\\\/2024\\\/02\\\/CoQ10-Ubiquinol-1.jpg\",\"width\":600,\"height\":600,\"caption\":\"Advanced CoQ10 Ubiquinol\"},{\"@type\":\"BreadcrumbList\",\"@id\":\"https:\\\/\\\/testednutrients.com\\\/es\\\/product\\\/ubiquinol\\\/#breadcrumb\",\"itemListElement\":[{\"@type\":\"ListItem\",\"position\":1,\"name\":\"Home\",\"item\":\"https:\\\/\\\/testednutrients.com\\\/es\\\/\"},{\"@type\":\"ListItem\",\"position\":2,\"name\":\"Productos\",\"item\":\"https:\\\/\\\/testednutrients.com\\\/es\\\/productos\\\/\"},{\"@type\":\"ListItem\",\"position\":3,\"name\":\"Advanced CoQ10 Ubiquinol\"}]},{\"@type\":\"WebSite\",\"@id\":\"https:\\\/\\\/testednutrients.com\\\/es\\\/#website\",\"url\":\"https:\\\/\\\/testednutrients.com\\\/es\\\/\",\"name\":\"Tested Nutrients\",\"description\":\"En Tested Nutrients fabricamos nuestros productos para nuestros clientes, pero tambi&eacute;n los fabricamos para nosotros y para nuestros seres queridos.\",\"publisher\":{\"@id\":\"https:\\\/\\\/testednutrients.com\\\/es\\\/#organization\"},\"alternateName\":\"Tested Nutrients\",\"potentialAction\":[{\"@type\":\"SearchAction\",\"target\":{\"@type\":\"EntryPoint\",\"urlTemplate\":\"https:\\\/\\\/testednutrients.com\\\/es\\\/?s={search_term_string}\"},\"query-input\":{\"@type\":\"PropertyValueSpecification\",\"valueRequired\":true,\"valueName\":\"search_term_string\"}}],\"inLanguage\":\"es\"},{\"@type\":\"Organization\",\"@id\":\"https:\\\/\\\/testednutrients.com\\\/es\\\/#organization\",\"name\":\"Tested Nutrients\",\"url\":\"https:\\\/\\\/testednutrients.com\\\/es\\\/\",\"logo\":{\"@type\":\"ImageObject\",\"inLanguage\":\"es\",\"@id\":\"https:\\\/\\\/testednutrients.com\\\/es\\\/#\\\/schema\\\/logo\\\/image\\\/\",\"url\":\"https:\\\/\\\/testednutrients.com\\\/wp-content\\\/uploads\\\/2024\\\/02\\\/tested-nutrients-logo-tm-1-1.png\",\"contentUrl\":\"https:\\\/\\\/testednutrients.com\\\/wp-content\\\/uploads\\\/2024\\\/02\\\/tested-nutrients-logo-tm-1-1.png\",\"width\":2465,\"height\":648,\"caption\":\"Tested Nutrients\"},\"image\":{\"@id\":\"https:\\\/\\\/testednutrients.com\\\/es\\\/#\\\/schema\\\/logo\\\/image\\\/\"},\"sameAs\":[\"https:\\\/\\\/www.facebook.com\\\/testednutrients\\\/\",\"https:\\\/\\\/www.instagram.com\\\/testednutrients\\\/\"]}]}<\/script>\n<!-- \/ Yoast SEO Premium plugin. -->","yoast_head_json":{"title":"Advanced CoQ10 Ubiquinol - Tested Nutrients","robots":{"index":"index","follow":"follow","max-snippet":"max-snippet:-1","max-image-preview":"max-image-preview:large","max-video-preview":"max-video-preview:-1"},"canonical":"https:\/\/testednutrients.com\/es\/product\/ubiquinol\/","og_locale":"es_ES","og_type":"article","og_title":"Advanced CoQ10 Ubiquinol","og_description":"El avance antiedad m\u00e1s importante en m\u00e1s de una d\u00e9cada 50 a\u00f1os de investigaciones cl\u00ednicas prueban que la CoQ10 UBIQUINOL puede mejorar el funcionamiento diario del coraz\u00f3n, aumentar la energ\u00eda y fortalecer el sistema inmunol\u00f3gico.  \u00a1Abast\u00e9cete y Ahorra!   Compra 3 por $24 c\/u y ahorra 20%  Compra 6 por $23 c\/u y ahorra 23%","og_url":"https:\/\/testednutrients.com\/es\/product\/ubiquinol\/","og_site_name":"Tested Nutrients","article_publisher":"https:\/\/www.facebook.com\/testednutrients\/","article_modified_time":"2024-08-23T15:01:56+00:00","og_image":[{"width":600,"height":600,"url":"https:\/\/testednutrients.com\/wp-content\/uploads\/2024\/02\/CoQ10-Ubiquinol-1.jpg","type":"image\/jpeg"}],"twitter_card":"summary_large_image","twitter_misc":{"Tiempo de lectura":"4 minutos"},"schema":{"@context":"https:\/\/schema.org","@graph":[{"@type":"WebPage","@id":"https:\/\/testednutrients.com\/es\/product\/ubiquinol\/","url":"https:\/\/testednutrients.com\/es\/product\/ubiquinol\/","name":"Advanced CoQ10 Ubiquinol - Tested Nutrients","isPartOf":{"@id":"https:\/\/testednutrients.com\/es\/#website"},"primaryImageOfPage":{"@id":"https:\/\/testednutrients.com\/es\/product\/ubiquinol\/#primaryimage"},"image":{"@id":"https:\/\/testednutrients.com\/es\/product\/ubiquinol\/#primaryimage"},"thumbnailUrl":"https:\/\/testednutrients.com\/wp-content\/uploads\/2024\/02\/CoQ10-Ubiquinol-1.jpg","datePublished":"2019-03-15T13:52:36+00:00","dateModified":"2024-08-23T15:01:56+00:00","breadcrumb":{"@id":"https:\/\/testednutrients.com\/es\/product\/ubiquinol\/#breadcrumb"},"inLanguage":"es","potentialAction":[{"@type":"ReadAction","target":["https:\/\/testednutrients.com\/es\/product\/ubiquinol\/"]}]},{"@type":"ImageObject","inLanguage":"es","@id":"https:\/\/testednutrients.com\/es\/product\/ubiquinol\/#primaryimage","url":"https:\/\/testednutrients.com\/wp-content\/uploads\/2024\/02\/CoQ10-Ubiquinol-1.jpg","contentUrl":"https:\/\/testednutrients.com\/wp-content\/uploads\/2024\/02\/CoQ10-Ubiquinol-1.jpg","width":600,"height":600,"caption":"Advanced CoQ10 Ubiquinol"},{"@type":"BreadcrumbList","@id":"https:\/\/testednutrients.com\/es\/product\/ubiquinol\/#breadcrumb","itemListElement":[{"@type":"ListItem","position":1,"name":"Home","item":"https:\/\/testednutrients.com\/es\/"},{"@type":"ListItem","position":2,"name":"Productos","item":"https:\/\/testednutrients.com\/es\/productos\/"},{"@type":"ListItem","position":3,"name":"Advanced CoQ10 Ubiquinol"}]},{"@type":"WebSite","@id":"https:\/\/testednutrients.com\/es\/#website","url":"https:\/\/testednutrients.com\/es\/","name":"Tested Nutrients","description":"En Tested Nutrients fabricamos nuestros productos para nuestros clientes, pero tambi&eacute;n los fabricamos para nosotros y para nuestros seres queridos.","publisher":{"@id":"https:\/\/testednutrients.com\/es\/#organization"},"alternateName":"Tested Nutrients","potentialAction":[{"@type":"SearchAction","target":{"@type":"EntryPoint","urlTemplate":"https:\/\/testednutrients.com\/es\/?s={search_term_string}"},"query-input":{"@type":"PropertyValueSpecification","valueRequired":true,"valueName":"search_term_string"}}],"inLanguage":"es"},{"@type":"Organization","@id":"https:\/\/testednutrients.com\/es\/#organization","name":"Tested Nutrients","url":"https:\/\/testednutrients.com\/es\/","logo":{"@type":"ImageObject","inLanguage":"es","@id":"https:\/\/testednutrients.com\/es\/#\/schema\/logo\/image\/","url":"https:\/\/testednutrients.com\/wp-content\/uploads\/2024\/02\/tested-nutrients-logo-tm-1-1.png","contentUrl":"https:\/\/testednutrients.com\/wp-content\/uploads\/2024\/02\/tested-nutrients-logo-tm-1-1.png","width":2465,"height":648,"caption":"Tested Nutrients"},"image":{"@id":"https:\/\/testednutrients.com\/es\/#\/schema\/logo\/image\/"},"sameAs":["https:\/\/www.facebook.com\/testednutrients\/","https:\/\/www.instagram.com\/testednutrients\/"]}]}},"_links":{"self":[{"href":"https:\/\/testednutrients.com\/es\/wp-json\/wp\/v2\/product\/2534","targetHints":{"allow":["GET"]}}],"collection":[{"href":"https:\/\/testednutrients.com\/es\/wp-json\/wp\/v2\/product"}],"about":[{"href":"https:\/\/testednutrients.com\/es\/wp-json\/wp\/v2\/types\/product"}],"replies":[{"embeddable":true,"href":"https:\/\/testednutrients.com\/es\/wp-json\/wp\/v2\/comments?post=2534"}],"wp:featuredmedia":[{"embeddable":true,"href":"https:\/\/testednutrients.com\/es\/wp-json\/wp\/v2\/media\/8985"}],"wp:attachment":[{"href":"https:\/\/testednutrients.com\/es\/wp-json\/wp\/v2\/media?parent=2534"}],"wp:term":[{"taxonomy":"product_brand","embeddable":true,"href":"https:\/\/testednutrients.com\/es\/wp-json\/wp\/v2\/product_brand?post=2534"},{"taxonomy":"product_cat","embeddable":true,"href":"https:\/\/testednutrients.com\/es\/wp-json\/wp\/v2\/product_cat?post=2534"},{"taxonomy":"product_tag","embeddable":true,"href":"https:\/\/testednutrients.com\/es\/wp-json\/wp\/v2\/product_tag?post=2534"}],"curies":[{"name":"wp","href":"https:\/\/api.w.org\/{rel}","templated":true}]}}