{"id":12436,"date":"2025-07-10T14:26:38","date_gmt":"2025-07-10T18:26:38","guid":{"rendered":"https:\/\/testednutrients.com\/?post_type=product&#038;p=12436"},"modified":"2025-08-22T11:19:31","modified_gmt":"2025-08-22T15:19:31","slug":"magnesium-glycinate","status":"publish","type":"product","link":"https:\/\/testednutrients.com\/es\/product\/magnesium-glycinate\/","title":{"rendered":"Magnesium Glycinate"},"content":{"rendered":"<h2><strong>Por qu\u00e9 necesitas Glicinato de Magnesio en tu vida<\/strong><\/h2>\n<p>\u201cEl magnesio es mucho m\u00e1s que otro mineral; es clave para tu salud.\u201d<\/p>\n<p>La mayor\u00eda de nosotros no estamos obteniendo suficiente magnesio. Esto lleva a problemas graves como problemas card\u00edacos, huesos d\u00e9biles e incluso deterioro cognitivo.<\/p>\n<p>Se estima que el 50% de la poblaci\u00f3n no consumen suficiente magnesio en su dieta. De hecho, algunos estudios sugieren que el 75% de la poblaci\u00f3n no consume suficiente magnesio.<\/p>\n<p>\u00bfY por qu\u00e9 eso es tan importante?<\/p>\n<p>El magnesio es crucial para m\u00e1s de 300 procesos bioqu\u00edmicos en tu cuerpo, como controlar el az\u00facar en la sangre, regular la presi\u00f3n arterial y mantener tu coraz\u00f3n saludable.<\/p>\n<p>Si te falta magnesio, tu cuerpo no puede producir energ\u00eda correctamente y le cuesta m\u00e1s combatir la inflamaci\u00f3n. Por eso, la suplementaci\u00f3n con magnesio es fundamental.<\/p>\n<h2><strong>Glicinato de Magnesio es la mejor opci\u00f3n<\/strong><\/h2>\n<p>Cuando se trata de suplementos de magnesio, no todos son iguales. El Magnesio Glicinato es especial porque se absorbe f\u00e1cilmente y es suave para el est\u00f3mago, lo que significa que obtendr\u00e1s todos los beneficios sin los efectos secundarios inc\u00f3modos de otras formas de magnesio.<\/p>\n<p>\u00bfC\u00f3mo puede ayudarte el magnesio?<\/p>\n<p><strong>Mejor sue\u00f1o:<\/strong> Rel\u00e1jate y duerme profundamente cada noche.<\/p>\n<p><strong>Alivio del dolor:<\/strong> Relaja los m\u00fasculos tensos, reduce calambres y alivia esos dolores que te quitan la energ\u00eda y el buen \u00e1nimo.<\/p>\n<p><strong>Salud del coraz\u00f3n:<\/strong> Regula la presi\u00f3n arterial y mantiene el ritmo card\u00edaco estable.<\/p>\n<p><strong>Huesos m\u00e1s fuertes: <\/strong>Ayuda a fortalecer los huesos y reduce el riesgo de fracturas.<\/p>\n<p><strong>Mejora cognitiva:<\/strong> Apoya la funci\u00f3n cerebral, mejorando la memoria y la claridad mental.<\/p>\n<p><strong>Control de az\u00facar en la sangre:<\/strong> Regula la glucosa y mejora la sensibilidad a la insulina, especialmente para quienes est\u00e1n en riesgo de diabetes.<\/p>\n<p>Y lo mejor de todo: El Magnesio Glicinato trabaja en conjunto con la Vitamina D, mejorando su absorci\u00f3n y haciendo que ambos nutrientes sean a\u00fan m\u00e1s efectivos para tu salud en general.<\/p>\n<h2><strong>Siente la diferencia<\/strong><\/h2>\n<p data-start=\"754\" data-end=\"1227\"><strong>Con Glicinato de Magnesio de Tested Nutrients<\/strong>, no solo est\u00e1s tomando un suplemento, est\u00e1s invirtiendo en tu bienestar. Ya sea que est\u00e9s apoyando tu coraz\u00f3n, tus huesos o tu cerebro, este magnesio de alta calidad te dar\u00e1 resultados reales.<\/p>\n<p data-start=\"1229\" data-end=\"1330\"><strong data-start=\"754\" data-end=\"811\">En Tested Nutrients, la calidad es nuestra prioridad.<\/strong> Nuestro Magnesio Glicinato est\u00e1 elaborado con f\u00f3rmulas respaldadas por la ciencia y ingredientes puros, garantizando que obtienes la forma m\u00e1s pura de magnesio disponible. Nos enorgullece nuestro riguroso proceso de pruebas, ofreciendo un suplemento que cumple con los m\u00e1s altos est\u00e1ndares de eficacia y seguridad. Disfruta de un producto que no solo es efectivo, sino tambi\u00e9n creado con integridad y transparencia.<\/p>\n<p><strong data-start=\"1229\" data-end=\"1330\">Pru\u00e9balo esta noche y despierta sinti\u00e9ndote mejor que nunca. Tu cuerpo y mente te lo agradecer\u00e1n.<\/strong><\/p>\n<p><strong>Referencias:<\/strong><br \/>\n<a href=\"https:\/\/www.pharmacytimes.com\/view\/study-half-of-all-americans-are-magnesium-deficient\">https:\/\/www.pharmacytimes.com\/view\/study-half-of-all-americans-are-magnesium-deficient<\/a><br \/>\n<a href=\"https:\/\/pmc.ncbi.nlm.nih.gov\/articles\/PMC5786912\/\">https:\/\/pmc.ncbi.nlm.nih.gov\/articles\/PMC5786912\/<\/a><br \/>\n<a href=\"https:\/\/www.sciencedirect.com\/science\/article\/abs\/pii\/S0939475312001263\">https:\/\/www.sciencedirect.com\/science\/article\/abs\/pii\/S0939475312001263<\/a><br \/>\n<a href=\"https:\/\/www.ahajournals.org\/doi\/10.1161\/hypertensionaha.116.07664\">https:\/\/www.ahajournals.org\/doi\/10.1161\/hypertensionaha.116.07664<\/a><\/p>\n","protected":false},"excerpt":{"rendered":"<p><strong data-start=\"267\" data-end=\"442\">Tested Nutrients Magnesium Glycinate 406 mg, <\/strong>apoya la salud del coraz\u00f3n, la funci\u00f3n cerebral y el bienestar de m\u00fasculos y huesos. Reduce el estr\u00e9s y mejora tu calidad de vida con una f\u00f3rmula de alta absorci\u00f3n. \u00a1Siente la diferencia desde el primer d\u00eda!<\/p>\n<div class=\"product-info-box\">\n<h4>Ofertas Especiales<\/h4>\n<ul>\n<li>Compra 3 por $23.79\u00a0 c\/u y <strong>ahorra 15%<\/strong><\/li>\n<li>Compra 6 por $21.83 c\/u y <strong>ahorra 22%<\/strong><\/li>\n<\/ul>\n<\/div>\n","protected":false},"featured_media":12438,"comment_status":"open","ping_status":"closed","template":"","meta":{"om_disable_all_campaigns":false,"_analytify_skip_tracking":false},"product_brand":[],"product_cat":[128,129],"product_tag":[],"class_list":{"0":"post-12436","1":"product","2":"type-product","3":"status-publish","4":"has-post-thumbnail","6":"product_cat-estres-y-animo","7":"product_cat-sueno","8":"product_shipping_class-free-shipping","10":"first","11":"instock","12":"taxable","13":"shipping-taxable","14":"purchasable","15":"product-type-simple"},"bundled_by":[],"bundle_stock_status":"instock","bundle_stock_quantity":null,"bundle_virtual":false,"bundle_layout":"","bundle_add_to_cart_form_location":"","bundle_editable_in_cart":false,"bundle_sold_individually_context":"","bundle_item_grouping":"","bundle_min_size":"","bundle_max_size":"","bundle_price":[],"bundled_items":[],"bundle_sell_ids":[],"yoast_head":"<!-- This site is optimized with the Yoast SEO Premium plugin v27.4 (Yoast SEO v27.4) - https:\/\/yoast.com\/product\/yoast-seo-premium-wordpress\/ -->\n<title>Magnesium Glycinate - Tested Nutrients<\/title>\n<meta name=\"description\" content=\"Magnesium Glycinate, apoya la salud del coraz\u00f3n, la funci\u00f3n cerebral y el bienestar de m\u00fasculos y huesos. Reduce el estr\u00e9s y mejora tu calidad de vida.\" \/>\n<meta name=\"robots\" content=\"index, follow, max-snippet:-1, max-image-preview:large, max-video-preview:-1\" \/>\n<link rel=\"canonical\" href=\"https:\/\/testednutrients.com\/es\/product\/magnesium-glycinate\/\" \/>\n<meta property=\"og:locale\" content=\"es_ES\" \/>\n<meta property=\"og:type\" content=\"article\" \/>\n<meta property=\"og:title\" content=\"Magnesium Glycinate\" \/>\n<meta property=\"og:description\" content=\"Magnesium Glycinate, apoya la salud del coraz\u00f3n, la funci\u00f3n cerebral y el bienestar de m\u00fasculos y huesos. Reduce el estr\u00e9s y mejora tu calidad de vida.\" \/>\n<meta property=\"og:url\" content=\"https:\/\/testednutrients.com\/es\/product\/magnesium-glycinate\/\" \/>\n<meta property=\"og:site_name\" content=\"Tested Nutrients\" \/>\n<meta property=\"article:publisher\" content=\"https:\/\/www.facebook.com\/testednutrients\/\" \/>\n<meta property=\"article:modified_time\" content=\"2025-08-22T15:19:31+00:00\" \/>\n<meta property=\"og:image\" content=\"https:\/\/testednutrients.com\/wp-content\/uploads\/2025\/07\/MAG-GLY-406MG.png\" \/>\n\t<meta property=\"og:image:width\" content=\"600\" \/>\n\t<meta property=\"og:image:height\" content=\"600\" \/>\n\t<meta property=\"og:image:type\" content=\"image\/png\" \/>\n<meta name=\"twitter:card\" content=\"summary_large_image\" \/>\n<meta name=\"twitter:label1\" content=\"Tiempo de lectura\" \/>\n\t<meta name=\"twitter:data1\" content=\"3 minutos\" \/>\n<script type=\"application\/ld+json\" class=\"yoast-schema-graph\">{\"@context\":\"https:\\\/\\\/schema.org\",\"@graph\":[{\"@type\":\"WebPage\",\"@id\":\"https:\\\/\\\/testednutrients.com\\\/es\\\/product\\\/magnesium-glycinate\\\/\",\"url\":\"https:\\\/\\\/testednutrients.com\\\/es\\\/product\\\/magnesium-glycinate\\\/\",\"name\":\"Magnesium Glycinate - Tested Nutrients\",\"isPartOf\":{\"@id\":\"https:\\\/\\\/testednutrients.com\\\/es\\\/#website\"},\"primaryImageOfPage\":{\"@id\":\"https:\\\/\\\/testednutrients.com\\\/es\\\/product\\\/magnesium-glycinate\\\/#primaryimage\"},\"image\":{\"@id\":\"https:\\\/\\\/testednutrients.com\\\/es\\\/product\\\/magnesium-glycinate\\\/#primaryimage\"},\"thumbnailUrl\":\"https:\\\/\\\/testednutrients.com\\\/wp-content\\\/uploads\\\/2025\\\/07\\\/MAG-GLY-406MG.png\",\"datePublished\":\"2025-07-10T18:26:38+00:00\",\"dateModified\":\"2025-08-22T15:19:31+00:00\",\"description\":\"Magnesium Glycinate, apoya la salud del coraz\u00f3n, la funci\u00f3n cerebral y el bienestar de m\u00fasculos y huesos. Reduce el estr\u00e9s y mejora tu calidad de vida.\",\"breadcrumb\":{\"@id\":\"https:\\\/\\\/testednutrients.com\\\/es\\\/product\\\/magnesium-glycinate\\\/#breadcrumb\"},\"inLanguage\":\"es\",\"potentialAction\":[{\"@type\":\"ReadAction\",\"target\":[\"https:\\\/\\\/testednutrients.com\\\/es\\\/product\\\/magnesium-glycinate\\\/\"]}]},{\"@type\":\"ImageObject\",\"inLanguage\":\"es\",\"@id\":\"https:\\\/\\\/testednutrients.com\\\/es\\\/product\\\/magnesium-glycinate\\\/#primaryimage\",\"url\":\"https:\\\/\\\/testednutrients.com\\\/wp-content\\\/uploads\\\/2025\\\/07\\\/MAG-GLY-406MG.png\",\"contentUrl\":\"https:\\\/\\\/testednutrients.com\\\/wp-content\\\/uploads\\\/2025\\\/07\\\/MAG-GLY-406MG.png\",\"width\":600,\"height\":600,\"caption\":\"Magnesium Glycinate 406 mg\"},{\"@type\":\"BreadcrumbList\",\"@id\":\"https:\\\/\\\/testednutrients.com\\\/es\\\/product\\\/magnesium-glycinate\\\/#breadcrumb\",\"itemListElement\":[{\"@type\":\"ListItem\",\"position\":1,\"name\":\"Home\",\"item\":\"https:\\\/\\\/testednutrients.com\\\/es\\\/\"},{\"@type\":\"ListItem\",\"position\":2,\"name\":\"Productos\",\"item\":\"https:\\\/\\\/testednutrients.com\\\/es\\\/productos\\\/\"},{\"@type\":\"ListItem\",\"position\":3,\"name\":\"Magnesium Glycinate\"}]},{\"@type\":\"WebSite\",\"@id\":\"https:\\\/\\\/testednutrients.com\\\/es\\\/#website\",\"url\":\"https:\\\/\\\/testednutrients.com\\\/es\\\/\",\"name\":\"Tested Nutrients\",\"description\":\"En Tested Nutrients fabricamos nuestros productos para nuestros clientes, pero tambi&eacute;n los fabricamos para nosotros y para nuestros seres queridos.\",\"publisher\":{\"@id\":\"https:\\\/\\\/testednutrients.com\\\/es\\\/#organization\"},\"alternateName\":\"Tested Nutrients\",\"potentialAction\":[{\"@type\":\"SearchAction\",\"target\":{\"@type\":\"EntryPoint\",\"urlTemplate\":\"https:\\\/\\\/testednutrients.com\\\/es\\\/?s={search_term_string}\"},\"query-input\":{\"@type\":\"PropertyValueSpecification\",\"valueRequired\":true,\"valueName\":\"search_term_string\"}}],\"inLanguage\":\"es\"},{\"@type\":\"Organization\",\"@id\":\"https:\\\/\\\/testednutrients.com\\\/es\\\/#organization\",\"name\":\"Tested Nutrients\",\"url\":\"https:\\\/\\\/testednutrients.com\\\/es\\\/\",\"logo\":{\"@type\":\"ImageObject\",\"inLanguage\":\"es\",\"@id\":\"https:\\\/\\\/testednutrients.com\\\/es\\\/#\\\/schema\\\/logo\\\/image\\\/\",\"url\":\"https:\\\/\\\/testednutrients.com\\\/wp-content\\\/uploads\\\/2024\\\/02\\\/tested-nutrients-logo-tm-1-1.png\",\"contentUrl\":\"https:\\\/\\\/testednutrients.com\\\/wp-content\\\/uploads\\\/2024\\\/02\\\/tested-nutrients-logo-tm-1-1.png\",\"width\":2465,\"height\":648,\"caption\":\"Tested Nutrients\"},\"image\":{\"@id\":\"https:\\\/\\\/testednutrients.com\\\/es\\\/#\\\/schema\\\/logo\\\/image\\\/\"},\"sameAs\":[\"https:\\\/\\\/www.facebook.com\\\/testednutrients\\\/\",\"https:\\\/\\\/www.instagram.com\\\/testednutrients\\\/\"]}]}<\/script>\n<!-- \/ Yoast SEO Premium plugin. -->","yoast_head_json":{"title":"Magnesium Glycinate - Tested Nutrients","description":"Magnesium Glycinate, apoya la salud del coraz\u00f3n, la funci\u00f3n cerebral y el bienestar de m\u00fasculos y huesos. Reduce el estr\u00e9s y mejora tu calidad de vida.","robots":{"index":"index","follow":"follow","max-snippet":"max-snippet:-1","max-image-preview":"max-image-preview:large","max-video-preview":"max-video-preview:-1"},"canonical":"https:\/\/testednutrients.com\/es\/product\/magnesium-glycinate\/","og_locale":"es_ES","og_type":"article","og_title":"Magnesium Glycinate","og_description":"Magnesium Glycinate, apoya la salud del coraz\u00f3n, la funci\u00f3n cerebral y el bienestar de m\u00fasculos y huesos. Reduce el estr\u00e9s y mejora tu calidad de vida.","og_url":"https:\/\/testednutrients.com\/es\/product\/magnesium-glycinate\/","og_site_name":"Tested Nutrients","article_publisher":"https:\/\/www.facebook.com\/testednutrients\/","article_modified_time":"2025-08-22T15:19:31+00:00","og_image":[{"width":600,"height":600,"url":"https:\/\/testednutrients.com\/wp-content\/uploads\/2025\/07\/MAG-GLY-406MG.png","type":"image\/png"}],"twitter_card":"summary_large_image","twitter_misc":{"Tiempo de lectura":"3 minutos"},"schema":{"@context":"https:\/\/schema.org","@graph":[{"@type":"WebPage","@id":"https:\/\/testednutrients.com\/es\/product\/magnesium-glycinate\/","url":"https:\/\/testednutrients.com\/es\/product\/magnesium-glycinate\/","name":"Magnesium Glycinate - Tested Nutrients","isPartOf":{"@id":"https:\/\/testednutrients.com\/es\/#website"},"primaryImageOfPage":{"@id":"https:\/\/testednutrients.com\/es\/product\/magnesium-glycinate\/#primaryimage"},"image":{"@id":"https:\/\/testednutrients.com\/es\/product\/magnesium-glycinate\/#primaryimage"},"thumbnailUrl":"https:\/\/testednutrients.com\/wp-content\/uploads\/2025\/07\/MAG-GLY-406MG.png","datePublished":"2025-07-10T18:26:38+00:00","dateModified":"2025-08-22T15:19:31+00:00","description":"Magnesium Glycinate, apoya la salud del coraz\u00f3n, la funci\u00f3n cerebral y el bienestar de m\u00fasculos y huesos. Reduce el estr\u00e9s y mejora tu calidad de vida.","breadcrumb":{"@id":"https:\/\/testednutrients.com\/es\/product\/magnesium-glycinate\/#breadcrumb"},"inLanguage":"es","potentialAction":[{"@type":"ReadAction","target":["https:\/\/testednutrients.com\/es\/product\/magnesium-glycinate\/"]}]},{"@type":"ImageObject","inLanguage":"es","@id":"https:\/\/testednutrients.com\/es\/product\/magnesium-glycinate\/#primaryimage","url":"https:\/\/testednutrients.com\/wp-content\/uploads\/2025\/07\/MAG-GLY-406MG.png","contentUrl":"https:\/\/testednutrients.com\/wp-content\/uploads\/2025\/07\/MAG-GLY-406MG.png","width":600,"height":600,"caption":"Magnesium Glycinate 406 mg"},{"@type":"BreadcrumbList","@id":"https:\/\/testednutrients.com\/es\/product\/magnesium-glycinate\/#breadcrumb","itemListElement":[{"@type":"ListItem","position":1,"name":"Home","item":"https:\/\/testednutrients.com\/es\/"},{"@type":"ListItem","position":2,"name":"Productos","item":"https:\/\/testednutrients.com\/es\/productos\/"},{"@type":"ListItem","position":3,"name":"Magnesium Glycinate"}]},{"@type":"WebSite","@id":"https:\/\/testednutrients.com\/es\/#website","url":"https:\/\/testednutrients.com\/es\/","name":"Tested Nutrients","description":"En Tested Nutrients fabricamos nuestros productos para nuestros clientes, pero tambi&eacute;n los fabricamos para nosotros y para nuestros seres queridos.","publisher":{"@id":"https:\/\/testednutrients.com\/es\/#organization"},"alternateName":"Tested Nutrients","potentialAction":[{"@type":"SearchAction","target":{"@type":"EntryPoint","urlTemplate":"https:\/\/testednutrients.com\/es\/?s={search_term_string}"},"query-input":{"@type":"PropertyValueSpecification","valueRequired":true,"valueName":"search_term_string"}}],"inLanguage":"es"},{"@type":"Organization","@id":"https:\/\/testednutrients.com\/es\/#organization","name":"Tested Nutrients","url":"https:\/\/testednutrients.com\/es\/","logo":{"@type":"ImageObject","inLanguage":"es","@id":"https:\/\/testednutrients.com\/es\/#\/schema\/logo\/image\/","url":"https:\/\/testednutrients.com\/wp-content\/uploads\/2024\/02\/tested-nutrients-logo-tm-1-1.png","contentUrl":"https:\/\/testednutrients.com\/wp-content\/uploads\/2024\/02\/tested-nutrients-logo-tm-1-1.png","width":2465,"height":648,"caption":"Tested Nutrients"},"image":{"@id":"https:\/\/testednutrients.com\/es\/#\/schema\/logo\/image\/"},"sameAs":["https:\/\/www.facebook.com\/testednutrients\/","https:\/\/www.instagram.com\/testednutrients\/"]}]}},"_links":{"self":[{"href":"https:\/\/testednutrients.com\/es\/wp-json\/wp\/v2\/product\/12436","targetHints":{"allow":["GET"]}}],"collection":[{"href":"https:\/\/testednutrients.com\/es\/wp-json\/wp\/v2\/product"}],"about":[{"href":"https:\/\/testednutrients.com\/es\/wp-json\/wp\/v2\/types\/product"}],"replies":[{"embeddable":true,"href":"https:\/\/testednutrients.com\/es\/wp-json\/wp\/v2\/comments?post=12436"}],"wp:featuredmedia":[{"embeddable":true,"href":"https:\/\/testednutrients.com\/es\/wp-json\/wp\/v2\/media\/12438"}],"wp:attachment":[{"href":"https:\/\/testednutrients.com\/es\/wp-json\/wp\/v2\/media?parent=12436"}],"wp:term":[{"taxonomy":"product_brand","embeddable":true,"href":"https:\/\/testednutrients.com\/es\/wp-json\/wp\/v2\/product_brand?post=12436"},{"taxonomy":"product_cat","embeddable":true,"href":"https:\/\/testednutrients.com\/es\/wp-json\/wp\/v2\/product_cat?post=12436"},{"taxonomy":"product_tag","embeddable":true,"href":"https:\/\/testednutrients.com\/es\/wp-json\/wp\/v2\/product_tag?post=12436"}],"curies":[{"name":"wp","href":"https:\/\/api.w.org\/{rel}","templated":true}]}}