{"id":9426,"date":"2024-02-14T16:31:04","date_gmt":"2024-02-14T16:31:04","guid":{"rendered":"https:\/\/testednutrients.com\/?page_id=9426"},"modified":"2024-06-26T11:02:28","modified_gmt":"2024-06-26T15:02:28","slug":"terminos-de-uso","status":"publish","type":"page","link":"https:\/\/testednutrients.com\/es\/terminos-de-uso\/","title":{"rendered":"T\u00e9rminos de Uso"},"content":{"rendered":"\n<p><\/p>\n\n\n\n<p><\/p>\n\n\n\n<div class=\"wp-block-kft-block-heading kft-heading-block kft-styles-fb0ee8d0\"><div class=\"kft-heading-block__inner\"><h1 class=\"kft-heading-block__content\">T\u00e9rminos de uso<\/h1><\/div><\/div>\n\n\n\n<p>Los presentes t\u00e9rminos de uso regir\u00e1n la utilizaci\u00f3n de este sitio web. Al acceder a este sitio web, reconoce haber le\u00eddo y acepta estos t\u00e9rminos de uso. Los t\u00e9rminos de uso est\u00e1n sujetos a cambios introducidos por Tested Nutrients (de aqu\u00ed en adelante, la \u00abEmpresa\u00bb) a su sola discreci\u00f3n, en cualquier momento y sin previo aviso. El uso que usted haga de este sitio web despu\u00e9s de que se haya introducido cualquier cambio constituye la aceptaci\u00f3n por su parte de dichos cambios. Debido a ello, le recomendamos consultar los t\u00e9rminos y condiciones de uso cada vez que utilice este sitio web.<\/p>\n\n\n\n<h3 class=\"wp-block-heading\" id=\"h-1-propiedad-intelectual\">1. Propiedad intelectual<\/h3>\n\n\n\n<p>Reconoce y acepta que todo el contenido y los materiales disponibles en esta web est\u00e1n protegidos por derechos de autor, marcas comerciales registradas, marcas de servicios, patentes, secretos comerciales o cualquier otro tipo de legislaci\u00f3n y derechos de propiedad. Excepto previa autorizaci\u00f3n por parte de la EMPRESA, usted acepta no vender, conceder licencias, alquilar, modificar, distribuir, copiar, reproducir, transmitir, mostrar p\u00fablicamente, utilizar p\u00fablicamente, adaptar, editar o crear trabajos derivados de dichos materiales y contenidos.<\/p>\n\n\n\n<p>Tal y como queda establecido anteriormente, la copia o redistribuci\u00f3n con fines comerciales de cualquier material o elementos de dise\u00f1o de esta web queda totalmente prohibida sin el consentimiento expreso y por escrito de la EMPRESA. Para m\u00e1s informaci\u00f3n sobre c\u00f3mo solicitar dicho permiso, puede ponerse en contacto con nosotros en info@testednutrients.com.<\/p>\n\n\n\n<h3 class=\"wp-block-heading\" id=\"h-2-referencias-e-hipervinculos-a-terceros\">2. Referencias e hiperv\u00ednculos a terceros<\/h3>\n\n\n\n<p>Es posible que esta web le vincule o dirija a otros sitios web de Internet. Dichos sitios web pueden contener informaci\u00f3n o materiales que algunas personas consideran inapropiados u ofensivos. Estos otros sitios web no se encuentran sometidos al control de la EMPRESA, y usted reconoce que la EMPRESA no es responsable de la precisi\u00f3n, cumplimiento de los derechos de autor, legalidad, decencia o cualquier otro aspecto del contenido de tales sitios web. La inclusi\u00f3n de estos v\u00ednculos no implica la ratificaci\u00f3n de dicho sitio web ni ning\u00fan tipo de asociaci\u00f3n con sus operadores.<\/p>\n\n\n\n<h3 class=\"wp-block-heading\" id=\"h-3-contactar-con-nosotros\">3. Contactar con nosotros<\/h3>\n\n\n\n<p>Si necesita ponerse en contacto con nosotros, puede enviarnos un correo electr\u00f3nico a la direcci\u00f3n info@testednutrients.com o enviarnos una carta a: <strong>Tested Nutrients PO BOX 195554 Winter Springs, FL 32719-5554<\/strong><\/p>\n\n\n\n<h3 class=\"wp-block-heading\" id=\"h-4-exencion-de-responsabilidad-sobre-las-garantias\">4. Exenci\u00f3n de responsabilidad sobre las garant\u00edas <\/h3>\n\n\n\n<p>TODOS LOS MATERIALES, INFORMACI\u00d3N, SOFTWARE, PRODUCTOS Y SERVICIOS (\u00abEL CONTENIDO\u00bb) INCLUIDOS EN ESTE SITIO WEB O DISPONIBLES A TRAV\u00c9S DEL MISMO, SE PROPORCIONAN \u00abTAL CUAL\u00bb Y \u00abSEG\u00daN DISPONIBILIDAD\u00bb PARA SU USO. EL CONTENIDO SE PROPORCIONA SIN GARANT\u00cdA DE NING\u00daN TIPO, NI EXPRESA NI IMPL\u00cdCITA, EXCLUYENDO ENTRE OTRAS LAS GARANT\u00cdAS IMPL\u00cdCITAS DE COMERCIABILIDAD O IDONEIDAD PARA UN FIN ESPEC\u00cdFICO, O DE NO INFRACCI\u00d3N.NI LA EMPRESA NI SUS AGENTES GARANTIZAN QUE EL CONTENIDO SEA EXACTO, FIABLE O CORRECTO. ESTO ES, NO SE GARANTIZA QUE ESTA WEB EST\u00c9 DISPONIBLE EN UN MOMENTO O UBICACI\u00d3N CONCRETOS, QUE CUALQUIER DEFECTO U ERROR SEAN CORREGIDOS O QUE EL CONTENIDO EST\u00c9 LIBRE DE VIRUS O CUALQUIER OTRO COMPONENTE DA\u00d1INO. EL USO QUE USTED HAGA DE ESTE SITIO WEB ES DE SU EXCLUSIVA RESPONSABILIDAD. DEBIDO A QUE ALGUNAS JURISDICCIONES NO PERMITEN LA EXCLUSI\u00d3N DE DETERMINADAS GARANT\u00cdAS, ES POSIBLE QUE DICHAS EXCLUSIONES NO LE SEAN DE APLICACI\u00d3N.<\/p>\n\n\n\n<h3 class=\"wp-block-heading\" id=\"h-5-limitacion-de-responsabilidad\">5. Limitaci\u00f3n de responsabilidad<\/h3>\n\n\n\n<p>NI LA EMPRESA NI SUS AGENTES SE HACEN RESPONSABLES, BAJO NINGUNA CIRCUNSTANCIA, DE NING\u00daN DA\u00d1O DIRECTO, INDIRECTO, PUNITIVO, FORTUITO, ESPECIAL O DERIVADO QUE SE PRODUZCA COMO RESULTADO DEL USO O DE LA IMPOSIBILIDAD DE USAR ESTE SITIO WEB. ESTA LIMITACI\u00d3N SE APLICA TANTO SI LA RESPONSABILIDAD ALEGADA SE BASA EN UN ACUERDO CONTRACTUAL COMO SI SU FUNDAMENTO ES LA RESPONSABILIDAD CIVIL EXTRACONTRACTUAL, NEGLIGENCIA, RESPONSABILIDAD OBJETIVA O DE CUALQUIER OTRO TIPO, INCLUSO SI LA EMPRESA HA SIDO ADVERTIDA SOBRE LA POSIBILIDAD DE DICHO DA\u00d1O. DEBIDO A QUE ALGUNAS JURISDICCIONES NO PERMITEN LA EXCLUSI\u00d3N O LIMITACI\u00d3N DE LOS DA\u00d1OS FORTUITOS O DERIVADOS, LA RESPONSABILIDAD DE LA EMPRESA EN TALES JURISDICCIONES SE LIMITAR\u00c1 EN LA MEDIDA PERMITIDA POR LA LEY.<\/p>\n\n\n\n<h3 class=\"wp-block-heading\" id=\"h-6-indemnizaciones\">6.  Indemnizaciones<\/h3>\n\n\n\n<p>Previa solicitud de la EMPRESA, usted acepta defender, indemnizar y eximir a la EMPRESA y sus filiales, as\u00ed como a sus empleados, miembros, directores y consejeros, de toda responsabilidad, reclamaci\u00f3n y gastos, incluyendo los honorarios de abogados, que puedan surgir debido al mal uso por su parte de este sitio web.<\/p>\n\n\n\n<h3 class=\"wp-block-heading\" id=\"h-7-disociabilidad-e-integracion\">7. Disociabilidad e integraci\u00f3n<\/h3>\n\n\n\n<p>Excepto cuando se especifique lo contrario, el presente acuerdo constituye el contrato completo entre usted y la EMPRESA en lo relativo a este sitio web, y reemplaza a todas las comunicaciones anteriores o contempor\u00e1neas entre usted y la EMPRESA en lo que respecta a este sitio web. Si alguna disposici\u00f3n de los presentes T\u00e9rminos de Uso carece de validez o es imposible de aplicar, dicha disposici\u00f3n deber\u00e1 interpretarse de acuerdo a la legislaci\u00f3n vigente de forma que refleje lo m\u00e1s fidelignamente posible las intenciones originales de las partes, y las dem\u00e1s disposiciones permanecer\u00e1n vigentes en todo su alcance y efecto.<\/p>\n\n\n\n<h3 class=\"wp-block-heading\" id=\"h-8-jurisdiccion\">8. Jurisdicci\u00f3n<\/h3>\n\n\n\n<p>Estos T\u00e9rminos de Uso se regir\u00e1n por la legislaci\u00f3n del Estado de Florida. Por los presentes, usted se compromete a aceptar el arbitraje vinculante del Estado de Florida para resolver cualquier litigio que pueda surgir derivado de estos T\u00e9rminos de Uso.<\/p>\n\n\n\n<p><\/p>\n","protected":false},"excerpt":{"rendered":"<p>Los presentes t\u00e9rminos de uso regir\u00e1n la utilizaci\u00f3n de este sitio web. Al acceder a este sitio web, reconoce haber le\u00eddo y acepta estos t\u00e9rminos de uso. Los t\u00e9rminos de uso est\u00e1n sujetos a cambios introducidos por Tested Nutrients (de aqu\u00ed en adelante, la \u00abEmpresa\u00bb) a su sola discreci\u00f3n, en cualquier momento y sin previo [&hellip;]<\/p>\n","protected":false},"author":1,"featured_media":0,"parent":0,"menu_order":0,"comment_status":"closed","ping_status":"closed","template":"","meta":{"om_disable_all_campaigns":false,"_analytify_skip_tracking":false,"footnotes":""},"class_list":["post-9426","page","type-page","status-publish","hentry"],"yoast_head":"<!-- This site is optimized with the Yoast SEO Premium plugin v27.5 (Yoast SEO v27.5) - https:\/\/yoast.com\/product\/yoast-seo-premium-wordpress\/ -->\n<title>T\u00e9rminos de Uso - Tested Nutrients<\/title>\n<meta name=\"robots\" content=\"index, follow, max-snippet:-1, max-image-preview:large, max-video-preview:-1\" \/>\n<link rel=\"canonical\" href=\"https:\/\/testednutrients.com\/es\/terminos-de-uso\/\" \/>\n<meta property=\"og:locale\" content=\"es_ES\" \/>\n<meta property=\"og:type\" content=\"article\" \/>\n<meta property=\"og:title\" content=\"T\u00e9rminos de Uso\" \/>\n<meta property=\"og:description\" content=\"Los presentes t\u00e9rminos de uso regir\u00e1n la utilizaci\u00f3n de este sitio web. Al acceder a este sitio web, reconoce haber le\u00eddo y acepta estos t\u00e9rminos de uso. Los t\u00e9rminos de uso est\u00e1n sujetos a cambios introducidos por Tested Nutrients (de aqu\u00ed en adelante, la \u00abEmpresa\u00bb) a su sola discreci\u00f3n, en cualquier momento y sin previo [&hellip;]\" \/>\n<meta property=\"og:url\" content=\"https:\/\/testednutrients.com\/es\/terminos-de-uso\/\" \/>\n<meta property=\"og:site_name\" content=\"Tested Nutrients\" \/>\n<meta property=\"article:publisher\" content=\"https:\/\/www.facebook.com\/testednutrients\/\" \/>\n<meta property=\"article:modified_time\" content=\"2024-06-26T15:02:28+00:00\" \/>\n<meta property=\"og:image\" content=\"https:\/\/testednutrients.com\/wp-content\/uploads\/2024\/02\/tested-nutrients-logo-tm-1-1.png\" \/>\n\t<meta property=\"og:image:width\" content=\"2465\" \/>\n\t<meta property=\"og:image:height\" content=\"648\" \/>\n\t<meta property=\"og:image:type\" content=\"image\/png\" \/>\n<meta name=\"twitter:card\" content=\"summary_large_image\" \/>\n<meta name=\"twitter:label1\" content=\"Tiempo de lectura\" \/>\n\t<meta name=\"twitter:data1\" content=\"4 minutos\" \/>\n<script type=\"application\/ld+json\" class=\"yoast-schema-graph\">{\"@context\":\"https:\\\/\\\/schema.org\",\"@graph\":[{\"@type\":\"WebPage\",\"@id\":\"https:\\\/\\\/testednutrients.com\\\/es\\\/terminos-de-uso\\\/\",\"url\":\"https:\\\/\\\/testednutrients.com\\\/es\\\/terminos-de-uso\\\/\",\"name\":\"T\u00e9rminos de Uso - Tested Nutrients\",\"isPartOf\":{\"@id\":\"https:\\\/\\\/testednutrients.com\\\/es\\\/#website\"},\"datePublished\":\"2024-02-14T16:31:04+00:00\",\"dateModified\":\"2024-06-26T15:02:28+00:00\",\"breadcrumb\":{\"@id\":\"https:\\\/\\\/testednutrients.com\\\/es\\\/terminos-de-uso\\\/#breadcrumb\"},\"inLanguage\":\"es\",\"potentialAction\":[{\"@type\":\"ReadAction\",\"target\":[\"https:\\\/\\\/testednutrients.com\\\/es\\\/terminos-de-uso\\\/\"]}]},{\"@type\":\"BreadcrumbList\",\"@id\":\"https:\\\/\\\/testednutrients.com\\\/es\\\/terminos-de-uso\\\/#breadcrumb\",\"itemListElement\":[{\"@type\":\"ListItem\",\"position\":1,\"name\":\"Home\",\"item\":\"https:\\\/\\\/testednutrients.com\\\/es\\\/\"},{\"@type\":\"ListItem\",\"position\":2,\"name\":\"T\u00e9rminos de Uso\"}]},{\"@type\":\"WebSite\",\"@id\":\"https:\\\/\\\/testednutrients.com\\\/es\\\/#website\",\"url\":\"https:\\\/\\\/testednutrients.com\\\/es\\\/\",\"name\":\"Tested Nutrients\",\"description\":\"En Tested Nutrients fabricamos nuestros productos para nuestros clientes, pero tambi&eacute;n los fabricamos para nosotros y para nuestros seres queridos.\",\"publisher\":{\"@id\":\"https:\\\/\\\/testednutrients.com\\\/es\\\/#organization\"},\"alternateName\":\"Tested Nutrients\",\"potentialAction\":[{\"@type\":\"SearchAction\",\"target\":{\"@type\":\"EntryPoint\",\"urlTemplate\":\"https:\\\/\\\/testednutrients.com\\\/es\\\/?s={search_term_string}\"},\"query-input\":{\"@type\":\"PropertyValueSpecification\",\"valueRequired\":true,\"valueName\":\"search_term_string\"}}],\"inLanguage\":\"es\"},{\"@type\":\"Organization\",\"@id\":\"https:\\\/\\\/testednutrients.com\\\/es\\\/#organization\",\"name\":\"Tested Nutrients\",\"url\":\"https:\\\/\\\/testednutrients.com\\\/es\\\/\",\"logo\":{\"@type\":\"ImageObject\",\"inLanguage\":\"es\",\"@id\":\"https:\\\/\\\/testednutrients.com\\\/es\\\/#\\\/schema\\\/logo\\\/image\\\/\",\"url\":\"https:\\\/\\\/testednutrients.com\\\/wp-content\\\/uploads\\\/2024\\\/02\\\/tested-nutrients-logo-tm-1-1.png\",\"contentUrl\":\"https:\\\/\\\/testednutrients.com\\\/wp-content\\\/uploads\\\/2024\\\/02\\\/tested-nutrients-logo-tm-1-1.png\",\"width\":2465,\"height\":648,\"caption\":\"Tested Nutrients\"},\"image\":{\"@id\":\"https:\\\/\\\/testednutrients.com\\\/es\\\/#\\\/schema\\\/logo\\\/image\\\/\"},\"sameAs\":[\"https:\\\/\\\/www.facebook.com\\\/testednutrients\\\/\",\"https:\\\/\\\/www.instagram.com\\\/testednutrients\\\/\"]}]}<\/script>\n<!-- \/ Yoast SEO Premium plugin. -->","yoast_head_json":{"title":"T\u00e9rminos de Uso - Tested Nutrients","robots":{"index":"index","follow":"follow","max-snippet":"max-snippet:-1","max-image-preview":"max-image-preview:large","max-video-preview":"max-video-preview:-1"},"canonical":"https:\/\/testednutrients.com\/es\/terminos-de-uso\/","og_locale":"es_ES","og_type":"article","og_title":"T\u00e9rminos de Uso","og_description":"Los presentes t\u00e9rminos de uso regir\u00e1n la utilizaci\u00f3n de este sitio web. Al acceder a este sitio web, reconoce haber le\u00eddo y acepta estos t\u00e9rminos de uso. Los t\u00e9rminos de uso est\u00e1n sujetos a cambios introducidos por Tested Nutrients (de aqu\u00ed en adelante, la \u00abEmpresa\u00bb) a su sola discreci\u00f3n, en cualquier momento y sin previo [&hellip;]","og_url":"https:\/\/testednutrients.com\/es\/terminos-de-uso\/","og_site_name":"Tested Nutrients","article_publisher":"https:\/\/www.facebook.com\/testednutrients\/","article_modified_time":"2024-06-26T15:02:28+00:00","og_image":[{"width":2465,"height":648,"url":"https:\/\/testednutrients.com\/wp-content\/uploads\/2024\/02\/tested-nutrients-logo-tm-1-1.png","type":"image\/png"}],"twitter_card":"summary_large_image","twitter_misc":{"Tiempo de lectura":"4 minutos"},"schema":{"@context":"https:\/\/schema.org","@graph":[{"@type":"WebPage","@id":"https:\/\/testednutrients.com\/es\/terminos-de-uso\/","url":"https:\/\/testednutrients.com\/es\/terminos-de-uso\/","name":"T\u00e9rminos de Uso - Tested Nutrients","isPartOf":{"@id":"https:\/\/testednutrients.com\/es\/#website"},"datePublished":"2024-02-14T16:31:04+00:00","dateModified":"2024-06-26T15:02:28+00:00","breadcrumb":{"@id":"https:\/\/testednutrients.com\/es\/terminos-de-uso\/#breadcrumb"},"inLanguage":"es","potentialAction":[{"@type":"ReadAction","target":["https:\/\/testednutrients.com\/es\/terminos-de-uso\/"]}]},{"@type":"BreadcrumbList","@id":"https:\/\/testednutrients.com\/es\/terminos-de-uso\/#breadcrumb","itemListElement":[{"@type":"ListItem","position":1,"name":"Home","item":"https:\/\/testednutrients.com\/es\/"},{"@type":"ListItem","position":2,"name":"T\u00e9rminos de Uso"}]},{"@type":"WebSite","@id":"https:\/\/testednutrients.com\/es\/#website","url":"https:\/\/testednutrients.com\/es\/","name":"Tested Nutrients","description":"En Tested Nutrients fabricamos nuestros productos para nuestros clientes, pero tambi&eacute;n los fabricamos para nosotros y para nuestros seres queridos.","publisher":{"@id":"https:\/\/testednutrients.com\/es\/#organization"},"alternateName":"Tested Nutrients","potentialAction":[{"@type":"SearchAction","target":{"@type":"EntryPoint","urlTemplate":"https:\/\/testednutrients.com\/es\/?s={search_term_string}"},"query-input":{"@type":"PropertyValueSpecification","valueRequired":true,"valueName":"search_term_string"}}],"inLanguage":"es"},{"@type":"Organization","@id":"https:\/\/testednutrients.com\/es\/#organization","name":"Tested Nutrients","url":"https:\/\/testednutrients.com\/es\/","logo":{"@type":"ImageObject","inLanguage":"es","@id":"https:\/\/testednutrients.com\/es\/#\/schema\/logo\/image\/","url":"https:\/\/testednutrients.com\/wp-content\/uploads\/2024\/02\/tested-nutrients-logo-tm-1-1.png","contentUrl":"https:\/\/testednutrients.com\/wp-content\/uploads\/2024\/02\/tested-nutrients-logo-tm-1-1.png","width":2465,"height":648,"caption":"Tested Nutrients"},"image":{"@id":"https:\/\/testednutrients.com\/es\/#\/schema\/logo\/image\/"},"sameAs":["https:\/\/www.facebook.com\/testednutrients\/","https:\/\/www.instagram.com\/testednutrients\/"]}]}},"_links":{"self":[{"href":"https:\/\/testednutrients.com\/es\/wp-json\/wp\/v2\/pages\/9426","targetHints":{"allow":["GET"]}}],"collection":[{"href":"https:\/\/testednutrients.com\/es\/wp-json\/wp\/v2\/pages"}],"about":[{"href":"https:\/\/testednutrients.com\/es\/wp-json\/wp\/v2\/types\/page"}],"author":[{"embeddable":true,"href":"https:\/\/testednutrients.com\/es\/wp-json\/wp\/v2\/users\/1"}],"replies":[{"embeddable":true,"href":"https:\/\/testednutrients.com\/es\/wp-json\/wp\/v2\/comments?post=9426"}],"version-history":[{"count":8,"href":"https:\/\/testednutrients.com\/es\/wp-json\/wp\/v2\/pages\/9426\/revisions"}],"predecessor-version":[{"id":10893,"href":"https:\/\/testednutrients.com\/es\/wp-json\/wp\/v2\/pages\/9426\/revisions\/10893"}],"wp:attachment":[{"href":"https:\/\/testednutrients.com\/es\/wp-json\/wp\/v2\/media?parent=9426"}],"curies":[{"name":"wp","href":"https:\/\/api.w.org\/{rel}","templated":true}]}}