{"id":9410,"date":"2024-02-14T16:12:45","date_gmt":"2024-02-14T16:12:45","guid":{"rendered":"https:\/\/testednutrients.com\/?page_id=9410"},"modified":"2024-06-26T11:05:30","modified_gmt":"2024-06-26T15:05:30","slug":"politicas-de-privacidad","status":"publish","type":"page","link":"https:\/\/testednutrients.com\/es\/politicas-de-privacidad\/","title":{"rendered":"Politicas de Privacidad"},"content":{"rendered":"\n<div class=\"wp-block-kft-block-heading kft-heading-block kft-styles-b259aaed\"><div class=\"kft-heading-block__inner\"><h1 class=\"kft-heading-block__content\">Pol\u00edticas de Privacidad<\/h1><\/div><\/div>\n\n\n\n<p>Gracias por visitar este sitio web. Comprendemos la importancia que los usuarios de Internet otorgan a su privacidad, y por ello esta Pol\u00edtica de Privacidad describe c\u00f3mo utilizamos los datos personales que recopila este sitio web. Lea la Pol\u00edtica de Privacidad antes de utilizar la Web o enviar informaci\u00f3n personal. Al utilizar este sitio web, acepta las pr\u00e1cticas sobre protecci\u00f3n de datos contenidas en la presente Pol\u00edtica de Privacidad. Estas pr\u00e1cticas de protecci\u00f3n de datos pueden cambiar de vez en cuando, pero todos los cambios ser\u00e1n publicados. Le animamos a revisar la Pol\u00edtica de Privacidad cuando visite el sitio web para asegurarse que comprende c\u00f3mo se utilizar\u00e1n los datos personales que nos proporcione.<\/p>\n\n\n\n<h3 class=\"wp-block-heading\" id=\"h-la-informacion-que-recopilamos\">La informaci\u00f3n que recopilamos<\/h3>\n\n\n\n<p>Para servir a nuestros clientes, recopilamos informaci\u00f3n identificable personalmente, como nombres, direcciones, n\u00fameros de tel\u00e9fono, direcciones de correo electr\u00f3nico y, algunas veces, datos sobre tarjetas de cr\u00e9dito cuando dicha informaci\u00f3n es facilitada voluntariamente por nuestros visitantes. \u00danicamente utilizaremos sus datos personales para los siguientes fines: (1) Para entregar los productos y\/o servicios que usted haya solicitado; (2) para confirmar que usted cumple con los t\u00e9rminos y condiciones de uso; (3) con la finalidad de mejorar el contenido y conocer su opini\u00f3n y (4) para ponernos en contacto con usted cuando sea necesario, sobre alg\u00fan asunto relativo a su uso del sitio web o los productos.<\/p>\n\n\n\n<p><strong>NUNCA<\/strong> compartiremos sus datos con terceros, excepto si usted nos otorga su consentimiento expreso para hacerlo, como en el caso de hacer efectiva una oferta de un tercero que usted haya aceptado a trav\u00e9s de nosotros. Al permitirnos recopilar estos datos, podr\u00e1 recibir informaci\u00f3n gratuita sobre productos y servicios que puedan interesarle, incluyendo las ofertas de terceros que podamos enviarle. Tambi\u00e9n nos permitir\u00e1 personalizar su experiencia con nosotros para que podamos proporcionarle un servicio de la mayor calidad. Al enviar su direcci\u00f3n de correo electr\u00f3nico, acepta recibir nuestros correos electr\u00f3nicos. Podr\u00e1 cancelar en cualquier momento su participaci\u00f3n en cualquiera de estas listas de correo electr\u00f3nico haciendo clic en el enlace para cancelar la suscripci\u00f3n o en cualquier otra opci\u00f3n para cancelar la suscripci\u00f3n incluida en el correspondiente correo electr\u00f3nico. Solo enviamos correos electr\u00f3nicos a las personas que nos han autorizado a ponernos en contacto con ellas, tanto directamente como a trav\u00e9s de terceros. No enviamos correos electr\u00f3nicos comerciales no solicitados porque odiamos el spam tanto como usted.<\/p>\n\n\n\n<p>Adicionalmente, usted acepta que cuando facilita su direcci\u00f3n de correo electr\u00f3nico a este sitio web o se registra para recibir el producto o servicio ofrecido en el mismo, dicho acto constituye una compra, una consulta y\/o una solicitud a efectos del Reglamento Modificado de Ventas por Telemarketing (ATRS, siglas por su nombre en ingl\u00e9s), 16 CFR, p\u00e1g 310 y siguientes, y cualquier otra regulaci\u00f3n estatal o local relativa a listas de \u201cno llamar\u201d. Nos reservamos el derecho a ponernos en contacto con usted por medio de telemarketing, de acuerdo al ATSR y dem\u00e1s regulaciones estatales aplicables.<\/p>\n\n\n\n<h3 class=\"wp-block-heading\" id=\"h-acciones-de-terceros\">Acciones de terceros<\/h3>\n\n\n\n<p>No controlamos ni somos responsables de las acciones de ning\u00fan tercero que podamos promocionar. Nos enorgullecemos de trabajar con empresas de calidad, pero no tenemos ning\u00fan control sobre las acciones de dichos terceros. Aunque no nos hacemos responsables de ninguna de las acciones de estos terceros, puede tomarse la libertad de hacernos llegar sus opiniones sobre su experiencia con cualquier tercero con el que trabajemos, para que en el futuro podamos mejorar nuestro servicio a todos los clientes.<\/p>\n\n\n\n<h3 class=\"wp-block-heading\" id=\"h-cookies\">Cookies<\/h3>\n\n\n\n<p>Es posible que utilicemos cookies para proporcionarle contenido espec\u00edfico seg\u00fan sus intereses. Las cookies son archivos de texto que utiliza el navegador de Internet de su ordenador para almacenar sus preferencias y permitirnos mejorar su experiencia como usuario en nuestro sitio web.<\/p>\n\n\n\n<h3 class=\"wp-block-heading\" id=\"h-direcciones-ip\">Direcciones IP<\/h3>\n\n\n\n<p>Podemos utilizar su direcci\u00f3n IP para evitar el fraude, para ayudar a diagnosticar problemas con nuestro servidor, para reunir informaci\u00f3n demogr\u00e1fica y para ofrecerle productos y servicios.<\/p>\n\n\n\n<h3 class=\"wp-block-heading\" id=\"h-sitios-web-de-terceros\">Sitios web de terceros<\/h3>\n\n\n\n<p>Este sitio web y\/o los productos y servicios que se ofrecen en \u00e9l pueden redireccionarlo hacia otros sitios web que son propiedad y\/o est\u00e1n controlados por terceros. No tenemos control sobre dichos terceros, y no nos hacemos responsables del contenido o las pr\u00e1cticas sobre protecci\u00f3n de datos de dichos sitios web o empresas.<\/p>\n\n\n\n<h3 class=\"wp-block-heading\" id=\"h-compromiso-con-la-seguridad-de-los-datos\">Compromiso con la seguridad de los datos<\/h3>\n\n\n\n<p>Toda la informaci\u00f3n recopilada se almacena en un entorno t\u00e9cnica y f\u00edsicamente seguro. Utilizamos cifrado SSL para proteger la informaci\u00f3n en l\u00ednea de car\u00e1cter delicado, y hacemos todo lo posible para proteger los datos del usuario cuando no est\u00e1 conectado. Desafortunadamente, no se puede garantizar al 100% la seguridad de ninguna transmisi\u00f3n por Internet. Debido a ello, aunque tomamos todas las medidas razonables para proteger sus datos, no podemos asegurar o garantizar la seguridad de la informaci\u00f3n que nos transmita, por lo que dicha transmisi\u00f3n la realiza por su cuenta y riesgo.<\/p>\n\n\n\n<h3 class=\"wp-block-heading\" id=\"h-contactar-con-nosotros\">Contactar con nosotros<\/h3>\n\n\n\n<p>Si necesita ponerse en contacto con nosotros, puede enviarnos un correo electr\u00f3nico a la direcci\u00f3n info@testednutrients.com o enviarnos una carta a: <strong>Tested Nutrients PO Box 195554 Winter Springs, FL 32719 USA<\/strong><\/p>\n\n\n\n<p>Nos esforzamos en proporcionar productos de excelente calidad, as\u00ed como un servicio excelente de atenci\u00f3n al cliente. Si tiene alguna pregunta sobre esta <strong>Pol\u00edtica de Privacidad<\/strong> o sobre nuestras pr\u00e1cticas, no dude en ponerse en contacto con nosotros mediante alguno de los sistemas enumerados anteriormente.<\/p>\n","protected":false},"excerpt":{"rendered":"<p>Gracias por visitar este sitio web. Comprendemos la importancia que los usuarios de Internet otorgan a su privacidad, y por ello esta Pol\u00edtica de Privacidad describe c\u00f3mo utilizamos los datos personales que recopila este sitio web. Lea la Pol\u00edtica de Privacidad antes de utilizar la Web o enviar informaci\u00f3n personal. Al utilizar este sitio web, [&hellip;]<\/p>\n","protected":false},"author":1,"featured_media":0,"parent":0,"menu_order":0,"comment_status":"closed","ping_status":"closed","template":"","meta":{"om_disable_all_campaigns":false,"_analytify_skip_tracking":false,"footnotes":""},"class_list":["post-9410","page","type-page","status-publish","hentry"],"yoast_head":"<!-- This site is optimized with the Yoast SEO Premium plugin v27.5 (Yoast SEO v27.5) - https:\/\/yoast.com\/product\/yoast-seo-premium-wordpress\/ -->\n<title>Politicas de Privacidad - Tested Nutrients<\/title>\n<meta name=\"robots\" content=\"index, follow, max-snippet:-1, max-image-preview:large, max-video-preview:-1\" \/>\n<link rel=\"canonical\" href=\"https:\/\/testednutrients.com\/es\/politicas-de-privacidad\/\" \/>\n<meta property=\"og:locale\" content=\"es_ES\" \/>\n<meta property=\"og:type\" content=\"article\" \/>\n<meta property=\"og:title\" content=\"Politicas de Privacidad\" \/>\n<meta property=\"og:description\" content=\"Gracias por visitar este sitio web. Comprendemos la importancia que los usuarios de Internet otorgan a su privacidad, y por ello esta Pol\u00edtica de Privacidad describe c\u00f3mo utilizamos los datos personales que recopila este sitio web. Lea la Pol\u00edtica de Privacidad antes de utilizar la Web o enviar informaci\u00f3n personal. Al utilizar este sitio web, [&hellip;]\" \/>\n<meta property=\"og:url\" content=\"https:\/\/testednutrients.com\/es\/politicas-de-privacidad\/\" \/>\n<meta property=\"og:site_name\" content=\"Tested Nutrients\" \/>\n<meta property=\"article:publisher\" content=\"https:\/\/www.facebook.com\/testednutrients\/\" \/>\n<meta property=\"article:modified_time\" content=\"2024-06-26T15:05:30+00:00\" \/>\n<meta property=\"og:image\" content=\"https:\/\/testednutrients.com\/wp-content\/uploads\/2024\/02\/tested-nutrients-logo-tm-1-1.png\" \/>\n\t<meta property=\"og:image:width\" content=\"2465\" \/>\n\t<meta property=\"og:image:height\" content=\"648\" \/>\n\t<meta property=\"og:image:type\" content=\"image\/png\" \/>\n<meta name=\"twitter:card\" content=\"summary_large_image\" \/>\n<meta name=\"twitter:label1\" content=\"Tiempo de lectura\" \/>\n\t<meta name=\"twitter:data1\" content=\"4 minutos\" \/>\n<script type=\"application\/ld+json\" class=\"yoast-schema-graph\">{\"@context\":\"https:\\\/\\\/schema.org\",\"@graph\":[{\"@type\":\"WebPage\",\"@id\":\"https:\\\/\\\/testednutrients.com\\\/es\\\/politicas-de-privacidad\\\/\",\"url\":\"https:\\\/\\\/testednutrients.com\\\/es\\\/politicas-de-privacidad\\\/\",\"name\":\"Politicas de Privacidad - Tested Nutrients\",\"isPartOf\":{\"@id\":\"https:\\\/\\\/testednutrients.com\\\/es\\\/#website\"},\"datePublished\":\"2024-02-14T16:12:45+00:00\",\"dateModified\":\"2024-06-26T15:05:30+00:00\",\"breadcrumb\":{\"@id\":\"https:\\\/\\\/testednutrients.com\\\/es\\\/politicas-de-privacidad\\\/#breadcrumb\"},\"inLanguage\":\"es\",\"potentialAction\":[{\"@type\":\"ReadAction\",\"target\":[\"https:\\\/\\\/testednutrients.com\\\/es\\\/politicas-de-privacidad\\\/\"]}]},{\"@type\":\"BreadcrumbList\",\"@id\":\"https:\\\/\\\/testednutrients.com\\\/es\\\/politicas-de-privacidad\\\/#breadcrumb\",\"itemListElement\":[{\"@type\":\"ListItem\",\"position\":1,\"name\":\"Home\",\"item\":\"https:\\\/\\\/testednutrients.com\\\/es\\\/\"},{\"@type\":\"ListItem\",\"position\":2,\"name\":\"Politicas de Privacidad\"}]},{\"@type\":\"WebSite\",\"@id\":\"https:\\\/\\\/testednutrients.com\\\/es\\\/#website\",\"url\":\"https:\\\/\\\/testednutrients.com\\\/es\\\/\",\"name\":\"Tested Nutrients\",\"description\":\"En Tested Nutrients fabricamos nuestros productos para nuestros clientes, pero tambi&eacute;n los fabricamos para nosotros y para nuestros seres queridos.\",\"publisher\":{\"@id\":\"https:\\\/\\\/testednutrients.com\\\/es\\\/#organization\"},\"alternateName\":\"Tested Nutrients\",\"potentialAction\":[{\"@type\":\"SearchAction\",\"target\":{\"@type\":\"EntryPoint\",\"urlTemplate\":\"https:\\\/\\\/testednutrients.com\\\/es\\\/?s={search_term_string}\"},\"query-input\":{\"@type\":\"PropertyValueSpecification\",\"valueRequired\":true,\"valueName\":\"search_term_string\"}}],\"inLanguage\":\"es\"},{\"@type\":\"Organization\",\"@id\":\"https:\\\/\\\/testednutrients.com\\\/es\\\/#organization\",\"name\":\"Tested Nutrients\",\"url\":\"https:\\\/\\\/testednutrients.com\\\/es\\\/\",\"logo\":{\"@type\":\"ImageObject\",\"inLanguage\":\"es\",\"@id\":\"https:\\\/\\\/testednutrients.com\\\/es\\\/#\\\/schema\\\/logo\\\/image\\\/\",\"url\":\"https:\\\/\\\/testednutrients.com\\\/wp-content\\\/uploads\\\/2024\\\/02\\\/tested-nutrients-logo-tm-1-1.png\",\"contentUrl\":\"https:\\\/\\\/testednutrients.com\\\/wp-content\\\/uploads\\\/2024\\\/02\\\/tested-nutrients-logo-tm-1-1.png\",\"width\":2465,\"height\":648,\"caption\":\"Tested Nutrients\"},\"image\":{\"@id\":\"https:\\\/\\\/testednutrients.com\\\/es\\\/#\\\/schema\\\/logo\\\/image\\\/\"},\"sameAs\":[\"https:\\\/\\\/www.facebook.com\\\/testednutrients\\\/\",\"https:\\\/\\\/www.instagram.com\\\/testednutrients\\\/\"]}]}<\/script>\n<!-- \/ Yoast SEO Premium plugin. -->","yoast_head_json":{"title":"Politicas de Privacidad - Tested Nutrients","robots":{"index":"index","follow":"follow","max-snippet":"max-snippet:-1","max-image-preview":"max-image-preview:large","max-video-preview":"max-video-preview:-1"},"canonical":"https:\/\/testednutrients.com\/es\/politicas-de-privacidad\/","og_locale":"es_ES","og_type":"article","og_title":"Politicas de Privacidad","og_description":"Gracias por visitar este sitio web. Comprendemos la importancia que los usuarios de Internet otorgan a su privacidad, y por ello esta Pol\u00edtica de Privacidad describe c\u00f3mo utilizamos los datos personales que recopila este sitio web. Lea la Pol\u00edtica de Privacidad antes de utilizar la Web o enviar informaci\u00f3n personal. Al utilizar este sitio web, [&hellip;]","og_url":"https:\/\/testednutrients.com\/es\/politicas-de-privacidad\/","og_site_name":"Tested Nutrients","article_publisher":"https:\/\/www.facebook.com\/testednutrients\/","article_modified_time":"2024-06-26T15:05:30+00:00","og_image":[{"width":2465,"height":648,"url":"https:\/\/testednutrients.com\/wp-content\/uploads\/2024\/02\/tested-nutrients-logo-tm-1-1.png","type":"image\/png"}],"twitter_card":"summary_large_image","twitter_misc":{"Tiempo de lectura":"4 minutos"},"schema":{"@context":"https:\/\/schema.org","@graph":[{"@type":"WebPage","@id":"https:\/\/testednutrients.com\/es\/politicas-de-privacidad\/","url":"https:\/\/testednutrients.com\/es\/politicas-de-privacidad\/","name":"Politicas de Privacidad - Tested Nutrients","isPartOf":{"@id":"https:\/\/testednutrients.com\/es\/#website"},"datePublished":"2024-02-14T16:12:45+00:00","dateModified":"2024-06-26T15:05:30+00:00","breadcrumb":{"@id":"https:\/\/testednutrients.com\/es\/politicas-de-privacidad\/#breadcrumb"},"inLanguage":"es","potentialAction":[{"@type":"ReadAction","target":["https:\/\/testednutrients.com\/es\/politicas-de-privacidad\/"]}]},{"@type":"BreadcrumbList","@id":"https:\/\/testednutrients.com\/es\/politicas-de-privacidad\/#breadcrumb","itemListElement":[{"@type":"ListItem","position":1,"name":"Home","item":"https:\/\/testednutrients.com\/es\/"},{"@type":"ListItem","position":2,"name":"Politicas de Privacidad"}]},{"@type":"WebSite","@id":"https:\/\/testednutrients.com\/es\/#website","url":"https:\/\/testednutrients.com\/es\/","name":"Tested Nutrients","description":"En Tested Nutrients fabricamos nuestros productos para nuestros clientes, pero tambi&eacute;n los fabricamos para nosotros y para nuestros seres queridos.","publisher":{"@id":"https:\/\/testednutrients.com\/es\/#organization"},"alternateName":"Tested Nutrients","potentialAction":[{"@type":"SearchAction","target":{"@type":"EntryPoint","urlTemplate":"https:\/\/testednutrients.com\/es\/?s={search_term_string}"},"query-input":{"@type":"PropertyValueSpecification","valueRequired":true,"valueName":"search_term_string"}}],"inLanguage":"es"},{"@type":"Organization","@id":"https:\/\/testednutrients.com\/es\/#organization","name":"Tested Nutrients","url":"https:\/\/testednutrients.com\/es\/","logo":{"@type":"ImageObject","inLanguage":"es","@id":"https:\/\/testednutrients.com\/es\/#\/schema\/logo\/image\/","url":"https:\/\/testednutrients.com\/wp-content\/uploads\/2024\/02\/tested-nutrients-logo-tm-1-1.png","contentUrl":"https:\/\/testednutrients.com\/wp-content\/uploads\/2024\/02\/tested-nutrients-logo-tm-1-1.png","width":2465,"height":648,"caption":"Tested Nutrients"},"image":{"@id":"https:\/\/testednutrients.com\/es\/#\/schema\/logo\/image\/"},"sameAs":["https:\/\/www.facebook.com\/testednutrients\/","https:\/\/www.instagram.com\/testednutrients\/"]}]}},"_links":{"self":[{"href":"https:\/\/testednutrients.com\/es\/wp-json\/wp\/v2\/pages\/9410","targetHints":{"allow":["GET"]}}],"collection":[{"href":"https:\/\/testednutrients.com\/es\/wp-json\/wp\/v2\/pages"}],"about":[{"href":"https:\/\/testednutrients.com\/es\/wp-json\/wp\/v2\/types\/page"}],"author":[{"embeddable":true,"href":"https:\/\/testednutrients.com\/es\/wp-json\/wp\/v2\/users\/1"}],"replies":[{"embeddable":true,"href":"https:\/\/testednutrients.com\/es\/wp-json\/wp\/v2\/comments?post=9410"}],"version-history":[{"count":9,"href":"https:\/\/testednutrients.com\/es\/wp-json\/wp\/v2\/pages\/9410\/revisions"}],"predecessor-version":[{"id":10895,"href":"https:\/\/testednutrients.com\/es\/wp-json\/wp\/v2\/pages\/9410\/revisions\/10895"}],"wp:attachment":[{"href":"https:\/\/testednutrients.com\/es\/wp-json\/wp\/v2\/media?parent=9410"}],"curies":[{"name":"wp","href":"https:\/\/api.w.org\/{rel}","templated":true}]}}