{"id":9074,"date":"2024-02-06T16:03:33","date_gmt":"2024-02-06T16:03:33","guid":{"rendered":"https:\/\/testednutrients.com\/?page_id=9074"},"modified":"2024-02-26T14:43:53","modified_gmt":"2024-02-26T14:43:53","slug":"preguntas","status":"publish","type":"page","link":"https:\/\/testednutrients.com\/es\/preguntas\/","title":{"rendered":"Preguntas"},"content":{"rendered":"\n<div class=\"wp-block-kft-block-heading kft-heading-block kft-styles-7bd1152d\"><div class=\"kft-heading-block__inner\"><h1 class=\"kft-heading-block__content\">Preguntas Frecuentes<\/h1><\/div><\/div>\n\n\n\n<div class=\"wp-block-kft-block-divider kft-divider kft-styles-c18fbd12\"><div class=\"kft-divider__inner\"><\/div><\/div>\n\n\n\n<div class=\"wp-block-kft-block-accordions kft-accordions kft-styles-36552b07 kft-block-c6550864\">\n<div class=\"wp-block-kft-block-accordion-item kft-accordion-item kft-styles-25201357\"><div class=\"kft-accordion-item__title\"><div class=\"kft-accordion-item__title-inner\">\u00bfPor qu\u00e9 elegir los suplementos de Tested Nutrients?<\/div><span class=\"kft-accordion-item__icon\"><\/span><\/div><div class=\"kft-accordion-item__content\">\n<p>En Tested Nutrients fabricamos nuestros productos para nuestros clientes, pero tambi\u00e9n los fabricamos para nosotros y para nuestros seres queridos. Es por eso que nos esforzamos por utilizar los mejores nutrientes que la naturaleza puede proporcionar. Adem\u00e1s, todos nuestros productos tienen estudios cient\u00edficos para respaldarlos. Nuestro equipo profesional est\u00e1 siempre actualizado con las \u00faltimas tendencias en la industria de los suplementos, as\u00ed como con las \u00faltimas investigaciones sobre ingredientes naturales. Adem\u00e1s, nuestros productos est\u00e1n respaldados por nuestra garant\u00eda de devoluci\u00f3n del 100% del dinero si no est\u00e1 satisfecho de alguna manera.<\/p>\n<\/div><\/div>\n\n\n\n<div class=\"wp-block-kft-block-accordion-item kft-accordion-item kft-styles-8820b3a3\"><div class=\"kft-accordion-item__title\"><div class=\"kft-accordion-item__title-inner\">\u00bfCu\u00e1l es la calidad de sus suplementos?<\/div><span class=\"kft-accordion-item__icon\"><\/span><\/div><div class=\"kft-accordion-item__content\">\n<p> En Tested Nutrients, todos nuestros productos est\u00e1n fabricados con ingredientes seguros y naturales comprobados cient\u00edficamente por fabricantes en los EE. UU. Que cumplen con las Buenas Pr\u00e1cticas de Fabricaci\u00f3n actuales en todos los aspectos de fabricaci\u00f3n, pruebas, embalaje y almacenamiento. Nunca elegimos nuestra materia prima en funci\u00f3n del costo, sino que se eligen en base a la pureza, la potencia y los resultados comprobados en una investigaci\u00f3n cient\u00edfica exitosa. Utilizamos solo materias primas de calidad, principalmente de fuentes estadounidenses, japonesas y europeas. Nuestros productos se obtienen de alimentos integrales e ingredientes org\u00e1nicos siempre que sea posible. Adem\u00e1s, seguimos sugerencias de dosis a partir de resultados obtenidos de estudios cient\u00edficos. <\/p>\n<\/div><\/div>\n\n\n\n<div class=\"wp-block-kft-block-accordion-item kft-accordion-item kft-styles-03b9f01c\"><div class=\"kft-accordion-item__title\"><div class=\"kft-accordion-item__title-inner\">\u00bfDebo consultar con un m\u00e9dico antes de tomar alg\u00fan suplemento?<\/div><span class=\"kft-accordion-item__icon\"><\/span><\/div><div class=\"kft-accordion-item__content\">\n<p>Antes de comenzar cualquier programa de suplementos, siempre debe consultar con su proveedor de atenci\u00f3n m\u00e9dica, especialmente si est\u00e1 siendo monitoreado para una condici\u00f3n m\u00e9dica espec\u00edfica.<\/p>\n<\/div><\/div>\n\n\n\n<div class=\"wp-block-kft-block-accordion-item kft-accordion-item kft-styles-0bb085c6\"><div class=\"kft-accordion-item__title\"><div class=\"kft-accordion-item__title-inner\">\u00bfSon seguros tus suplementos?<\/div><span class=\"kft-accordion-item__icon\"><\/span><\/div><div class=\"kft-accordion-item__content\">\n<p> Todos los productos de Tested Nutrients est\u00e1n formulados con ingredientes naturales que tienen un historial de uso seguro y una prueba cient\u00edfica de su seguridad. Sin embargo, la experiencia de todos con un suplemento diet\u00e9tico es diferente, as\u00ed que consulte con su m\u00e9dico siempre que planee comenzar a tomar nuevos suplementos.<\/p>\n<\/div><\/div>\n\n\n\n<div class=\"wp-block-kft-block-accordion-item kft-accordion-item kft-styles-099d119a\"><div class=\"kft-accordion-item__title\"><div class=\"kft-accordion-item__title-inner\">\u00bfSus suplementos necesitan ser refrigerados?<\/div><span class=\"kft-accordion-item__icon\"><\/span><\/div><div class=\"kft-accordion-item__content\">\n<p> No. La mayor\u00eda de los suplementos deben almacenarse en un lugar fresco y seco, lejos de la luz solar.<\/p>\n<\/div><\/div>\n\n\n\n<div class=\"wp-block-kft-block-accordion-item kft-accordion-item kft-styles-826c0cf3\"><div class=\"kft-accordion-item__title\"><div class=\"kft-accordion-item__title-inner\">\u00bfSigo necesitando comer sano y hacer ejercicio al tomar los suplementos?<\/div><span class=\"kft-accordion-item__icon\"><\/span><\/div><div class=\"kft-accordion-item__content\">\n<p> Los suplementos est\u00e1n dise\u00f1ados para ayudar a apoyar y mejorar el bienestar de su dieta. Para experimentar mejores resultados, siempre se recomienda que siga una dieta equilibrada y una actividad f\u00edsica regular.Los suplementos nunca tienen la intenci\u00f3n de reemplazar las comidas saludables.<\/p>\n<\/div><\/div>\n\n\n\n<div class=\"wp-block-kft-block-accordion-item kft-accordion-item kft-styles-95bf28a2\"><div class=\"kft-accordion-item__title\"><div class=\"kft-accordion-item__title-inner\">\u00bfCu\u00e1nto tiempo debo tomar los suplementos antes de ver los resultados?<\/div><span class=\"kft-accordion-item__icon\"><\/span><\/div><div class=\"kft-accordion-item__content\">\n<p>La mayor\u00eda de los suplementos funcionan mejor a largo plazo, mientras que con otros puede que sientan que funcionan inmediatamente despu\u00e9s de comenzar a tomarlos. Para obtener mejores resultados, le recomendamos que contin\u00fae tomando los suplementos durante al menos 90 d\u00edas para darse cuenta de los efectos positivos para la salud.<\/p>\n<\/div><\/div>\n\n\n\n<div class=\"wp-block-kft-block-accordion-item kft-accordion-item kft-styles-735b69a3\"><div class=\"kft-accordion-item__title\"><div class=\"kft-accordion-item__title-inner\">\u00bfQu\u00e9 es la Garant\u00eda de Reembolso del 100% del Dinero?<\/div><span class=\"kft-accordion-item__icon\"><\/span><\/div><div class=\"kft-accordion-item__content\">\n<p>Eso significa que puede obtener un reembolso del precio del producto en cualquier momento dentro de los 90 d\u00edas posteriores a la entrega.<\/p>\n\n\n\n<p>Lo \u00fanico que le pedimos es que devuelva cualquier parte no utilizada del producto dentro de los 90 d\u00edas posteriores a la entrega. Y le reembolsaremos el precio de su compra, por cualquier motivo. Sin hacer preguntas.<\/p>\n<\/div><\/div>\n<\/div>\n\n\n\n<div style=\"height:50px\" aria-hidden=\"true\" class=\"wp-block-spacer\"><\/div>\n\n\n\n<div class=\"wp-block-kft-block-heading kft-heading-block kft-styles-d38a041a kft-block-1bad5c98\"><div class=\"kft-heading-block__inner\"><h2 class=\"kft-heading-block__content\">Preguntas sobre los pedidos<\/h2><\/div><\/div>\n\n\n\n<div class=\"wp-block-kft-block-accordions kft-accordions kft-styles-9e172ebd kft-block-c6550864\">\n<div class=\"wp-block-kft-block-accordion-item kft-accordion-item kft-styles-44e1329e\"><div class=\"kft-accordion-item__title\"><div class=\"kft-accordion-item__title-inner\">\u00bfEs seguro hacer pedidos en Internet?<\/div><span class=\"kft-accordion-item__icon\"><\/span><\/div><div class=\"kft-accordion-item__content\">\n<p>Hacer pedidos en el sitio web Tested Nutrients es 100% seguro. El \u00e1rea de compras de nuestro sitio web es seguro, y toda la informaci\u00f3n que suministres a trav\u00e9s de ella es encriptada para que no se pueda leer cuando viaja por Internet.<\/p>\n<\/div><\/div>\n\n\n\n<div class=\"wp-block-kft-block-accordion-item kft-accordion-item kft-styles-7fe54002\"><div class=\"kft-accordion-item__title\"><div class=\"kft-accordion-item__title-inner\"> \u00bfQu\u00e9 m\u00e9todos de pago acept\u00e1is?<\/div><span class=\"kft-accordion-item__icon\"><\/span><\/div><div class=\"kft-accordion-item__content\">\n<p>Aceptamos la mayor\u00eda de las principales tarjetas de cr\u00e9dito: American Express, Discover, MasterCard y Visa. Tambi\u00e9n puedes pagar con cheque o giro postal.<\/p>\n<\/div><\/div>\n\n\n\n<div class=\"wp-block-kft-block-accordion-item kft-accordion-item kft-styles-e91fedb9\"><div class=\"kft-accordion-item__title\"><div class=\"kft-accordion-item__title-inner\">\u00bfPuedo hacer el pedido por tel\u00e9fono?<\/div><span class=\"kft-accordion-item__icon\"><\/span><\/div><div class=\"kft-accordion-item__content\">\n<p> Por supuesto. Para ordenar por tel\u00e9fono, llama al 1-407-782-1970 <\/p>\n<\/div><\/div>\n\n\n\n<div class=\"wp-block-kft-block-accordion-item kft-accordion-item kft-styles-25ea34f6\"><div class=\"kft-accordion-item__title\"><div class=\"kft-accordion-item__title-inner\">\u00bfCobras impuestos sobre la venta?<\/div><span class=\"kft-accordion-item__icon\"><\/span><\/div><div class=\"kft-accordion-item__content\">\n<p>Solo los pedidos enviados a Florida est\u00e1n sujetos a impuestos con la tasa estatal y local adecuada.<\/p>\n<\/div><\/div>\n<\/div>\n\n\n\n<div style=\"height:50px\" aria-hidden=\"true\" class=\"wp-block-spacer\"><\/div>\n\n\n\n<div class=\"wp-block-kft-block-heading kft-heading-block kft-styles-0557dc82\"><div class=\"kft-heading-block__inner\"><h2 class=\"kft-heading-block__content\">Preguntas sobre los env\u00edos<\/h2><\/div><\/div>\n\n\n\n<div class=\"wp-block-kft-block-accordions kft-accordions kft-styles-93919a0b kft-block-c6550864\">\n<div class=\"wp-block-kft-block-accordion-item kft-accordion-item kft-styles-a8d073e9\"><div class=\"kft-accordion-item__title\"><div class=\"kft-accordion-item__title-inner\">\u00bfC\u00f3mo y cu\u00e1ndo son enviados los suplementos?<\/div><span class=\"kft-accordion-item__icon\"><\/span><\/div><div class=\"kft-accordion-item__content\">\n<p>Enviamos nuestros suplementos a trav\u00e9s del Servicio Postal de Estados Unidos (USPS). Procesamos y enviamos todos los pedidos en 24-48 horas despu\u00e9s de la recepci\u00f3n del pedido. Los pedidos se procesan y se env\u00edan en el horario laboral normal (de lunes a viernes, de 8:00 a.m. a 5:00 p.m., hora del Este, excepto festivos). Los pedidos realizados hasta las 2:00 p.m., hora del este, de lunes a viernes, se enviar\u00e1n el mismo d\u00eda (excepto en festivos). Esto solo se aplica a pedidos para EE. UU. No se aplica a pedidos internacionales, pedidos INSTANT-SHIP y pedidos pagados con cheque o giro postal.<\/p>\n<\/div><\/div>\n\n\n\n<div class=\"wp-block-kft-block-accordion-item kft-accordion-item kft-styles-40e682a8\"><div class=\"kft-accordion-item__title\"><div class=\"kft-accordion-item__title-inner\">\u00bfQu\u00e9 es Instant-Ship?<\/div><span class=\"kft-accordion-item__icon\"><\/span><\/div><div class=\"kft-accordion-item__content\">\n<p>INSTANT-SHIP ofrece env\u00edo gratis, protecci\u00f3n del precio y proceso de pedido sin problemas. Tus productos llegar\u00e1n a tiempo y a salvo, para que siempre tengas tus suplementos a mano cuando los necesitas.<\/p>\n<\/div><\/div>\n\n\n\n<div class=\"wp-block-kft-block-accordion-item kft-accordion-item kft-styles-6f29afb7\"><div class=\"kft-accordion-item__title\"><div class=\"kft-accordion-item__title-inner\">\u00bfC\u00f3mo devuelvo un producto?<\/div><span class=\"kft-accordion-item__icon\"><\/span><\/div><div class=\"kft-accordion-item__content\">\n<p>Puede devolver cualquier parte no utilizada del producto dentro de los 90 d\u00edas posteriores a la entrega. Y le reembolsaremos el precio de su compra. Si devuelve m\u00e1s de una botella del mismo art\u00edculo, solo puede haber una abierta.<\/p>\n\n\n\n<p>Env\u00ede su devoluci\u00f3n a la siguiente direcci\u00f3n:&nbsp;Tested Nutrients P.O. Box 195554 Winter Springs, FL 32708-5554<\/p>\n<\/div><\/div>\n<\/div>\n\n\n\n<div class=\"wp-block-kft-block-divider kft-divider kft-styles-161fe3e1\"><div class=\"kft-divider__inner\"><\/div><\/div>\n","protected":false},"excerpt":{"rendered":"","protected":false},"author":1,"featured_media":0,"parent":0,"menu_order":0,"comment_status":"closed","ping_status":"closed","template":"","meta":{"om_disable_all_campaigns":false,"_analytify_skip_tracking":false,"footnotes":""},"class_list":["post-9074","page","type-page","status-publish","hentry"],"yoast_head":"<!-- This site is optimized with the Yoast SEO Premium plugin v27.5 (Yoast SEO v27.5) - https:\/\/yoast.com\/product\/yoast-seo-premium-wordpress\/ -->\n<title>Preguntas - Tested Nutrients<\/title>\n<meta name=\"robots\" content=\"index, follow, max-snippet:-1, max-image-preview:large, max-video-preview:-1\" \/>\n<link rel=\"canonical\" href=\"https:\/\/testednutrients.com\/es\/preguntas\/\" \/>\n<meta property=\"og:locale\" content=\"es_ES\" \/>\n<meta property=\"og:type\" content=\"article\" \/>\n<meta property=\"og:title\" content=\"Preguntas\" \/>\n<meta property=\"og:url\" content=\"https:\/\/testednutrients.com\/es\/preguntas\/\" \/>\n<meta property=\"og:site_name\" content=\"Tested Nutrients\" \/>\n<meta property=\"article:publisher\" content=\"https:\/\/www.facebook.com\/testednutrients\/\" \/>\n<meta property=\"article:modified_time\" content=\"2024-02-26T14:43:53+00:00\" \/>\n<meta property=\"og:image\" content=\"https:\/\/testednutrients.com\/wp-content\/uploads\/2024\/02\/tested-nutrients-logo-tm-1-1.png\" \/>\n\t<meta property=\"og:image:width\" content=\"2465\" \/>\n\t<meta property=\"og:image:height\" content=\"648\" \/>\n\t<meta property=\"og:image:type\" content=\"image\/png\" \/>\n<meta name=\"twitter:card\" content=\"summary_large_image\" \/>\n<meta name=\"twitter:label1\" content=\"Tiempo de lectura\" \/>\n\t<meta name=\"twitter:data1\" content=\"5 minutos\" \/>\n<script type=\"application\/ld+json\" class=\"yoast-schema-graph\">{\"@context\":\"https:\\\/\\\/schema.org\",\"@graph\":[{\"@type\":\"WebPage\",\"@id\":\"https:\\\/\\\/testednutrients.com\\\/es\\\/preguntas\\\/\",\"url\":\"https:\\\/\\\/testednutrients.com\\\/es\\\/preguntas\\\/\",\"name\":\"Preguntas - Tested Nutrients\",\"isPartOf\":{\"@id\":\"https:\\\/\\\/testednutrients.com\\\/es\\\/#website\"},\"datePublished\":\"2024-02-06T16:03:33+00:00\",\"dateModified\":\"2024-02-26T14:43:53+00:00\",\"breadcrumb\":{\"@id\":\"https:\\\/\\\/testednutrients.com\\\/es\\\/preguntas\\\/#breadcrumb\"},\"inLanguage\":\"es\",\"potentialAction\":[{\"@type\":\"ReadAction\",\"target\":[\"https:\\\/\\\/testednutrients.com\\\/es\\\/preguntas\\\/\"]}]},{\"@type\":\"BreadcrumbList\",\"@id\":\"https:\\\/\\\/testednutrients.com\\\/es\\\/preguntas\\\/#breadcrumb\",\"itemListElement\":[{\"@type\":\"ListItem\",\"position\":1,\"name\":\"Home\",\"item\":\"https:\\\/\\\/testednutrients.com\\\/es\\\/\"},{\"@type\":\"ListItem\",\"position\":2,\"name\":\"Preguntas\"}]},{\"@type\":\"WebSite\",\"@id\":\"https:\\\/\\\/testednutrients.com\\\/es\\\/#website\",\"url\":\"https:\\\/\\\/testednutrients.com\\\/es\\\/\",\"name\":\"Tested Nutrients\",\"description\":\"En Tested Nutrients fabricamos nuestros productos para nuestros clientes, pero tambi&eacute;n los fabricamos para nosotros y para nuestros seres queridos.\",\"publisher\":{\"@id\":\"https:\\\/\\\/testednutrients.com\\\/es\\\/#organization\"},\"alternateName\":\"Tested Nutrients\",\"potentialAction\":[{\"@type\":\"SearchAction\",\"target\":{\"@type\":\"EntryPoint\",\"urlTemplate\":\"https:\\\/\\\/testednutrients.com\\\/es\\\/?s={search_term_string}\"},\"query-input\":{\"@type\":\"PropertyValueSpecification\",\"valueRequired\":true,\"valueName\":\"search_term_string\"}}],\"inLanguage\":\"es\"},{\"@type\":\"Organization\",\"@id\":\"https:\\\/\\\/testednutrients.com\\\/es\\\/#organization\",\"name\":\"Tested Nutrients\",\"url\":\"https:\\\/\\\/testednutrients.com\\\/es\\\/\",\"logo\":{\"@type\":\"ImageObject\",\"inLanguage\":\"es\",\"@id\":\"https:\\\/\\\/testednutrients.com\\\/es\\\/#\\\/schema\\\/logo\\\/image\\\/\",\"url\":\"https:\\\/\\\/testednutrients.com\\\/wp-content\\\/uploads\\\/2024\\\/02\\\/tested-nutrients-logo-tm-1-1.png\",\"contentUrl\":\"https:\\\/\\\/testednutrients.com\\\/wp-content\\\/uploads\\\/2024\\\/02\\\/tested-nutrients-logo-tm-1-1.png\",\"width\":2465,\"height\":648,\"caption\":\"Tested Nutrients\"},\"image\":{\"@id\":\"https:\\\/\\\/testednutrients.com\\\/es\\\/#\\\/schema\\\/logo\\\/image\\\/\"},\"sameAs\":[\"https:\\\/\\\/www.facebook.com\\\/testednutrients\\\/\",\"https:\\\/\\\/www.instagram.com\\\/testednutrients\\\/\"]}]}<\/script>\n<!-- \/ Yoast SEO Premium plugin. -->","yoast_head_json":{"title":"Preguntas - Tested Nutrients","robots":{"index":"index","follow":"follow","max-snippet":"max-snippet:-1","max-image-preview":"max-image-preview:large","max-video-preview":"max-video-preview:-1"},"canonical":"https:\/\/testednutrients.com\/es\/preguntas\/","og_locale":"es_ES","og_type":"article","og_title":"Preguntas","og_url":"https:\/\/testednutrients.com\/es\/preguntas\/","og_site_name":"Tested Nutrients","article_publisher":"https:\/\/www.facebook.com\/testednutrients\/","article_modified_time":"2024-02-26T14:43:53+00:00","og_image":[{"width":2465,"height":648,"url":"https:\/\/testednutrients.com\/wp-content\/uploads\/2024\/02\/tested-nutrients-logo-tm-1-1.png","type":"image\/png"}],"twitter_card":"summary_large_image","twitter_misc":{"Tiempo de lectura":"5 minutos"},"schema":{"@context":"https:\/\/schema.org","@graph":[{"@type":"WebPage","@id":"https:\/\/testednutrients.com\/es\/preguntas\/","url":"https:\/\/testednutrients.com\/es\/preguntas\/","name":"Preguntas - Tested Nutrients","isPartOf":{"@id":"https:\/\/testednutrients.com\/es\/#website"},"datePublished":"2024-02-06T16:03:33+00:00","dateModified":"2024-02-26T14:43:53+00:00","breadcrumb":{"@id":"https:\/\/testednutrients.com\/es\/preguntas\/#breadcrumb"},"inLanguage":"es","potentialAction":[{"@type":"ReadAction","target":["https:\/\/testednutrients.com\/es\/preguntas\/"]}]},{"@type":"BreadcrumbList","@id":"https:\/\/testednutrients.com\/es\/preguntas\/#breadcrumb","itemListElement":[{"@type":"ListItem","position":1,"name":"Home","item":"https:\/\/testednutrients.com\/es\/"},{"@type":"ListItem","position":2,"name":"Preguntas"}]},{"@type":"WebSite","@id":"https:\/\/testednutrients.com\/es\/#website","url":"https:\/\/testednutrients.com\/es\/","name":"Tested Nutrients","description":"En Tested Nutrients fabricamos nuestros productos para nuestros clientes, pero tambi&eacute;n los fabricamos para nosotros y para nuestros seres queridos.","publisher":{"@id":"https:\/\/testednutrients.com\/es\/#organization"},"alternateName":"Tested Nutrients","potentialAction":[{"@type":"SearchAction","target":{"@type":"EntryPoint","urlTemplate":"https:\/\/testednutrients.com\/es\/?s={search_term_string}"},"query-input":{"@type":"PropertyValueSpecification","valueRequired":true,"valueName":"search_term_string"}}],"inLanguage":"es"},{"@type":"Organization","@id":"https:\/\/testednutrients.com\/es\/#organization","name":"Tested Nutrients","url":"https:\/\/testednutrients.com\/es\/","logo":{"@type":"ImageObject","inLanguage":"es","@id":"https:\/\/testednutrients.com\/es\/#\/schema\/logo\/image\/","url":"https:\/\/testednutrients.com\/wp-content\/uploads\/2024\/02\/tested-nutrients-logo-tm-1-1.png","contentUrl":"https:\/\/testednutrients.com\/wp-content\/uploads\/2024\/02\/tested-nutrients-logo-tm-1-1.png","width":2465,"height":648,"caption":"Tested Nutrients"},"image":{"@id":"https:\/\/testednutrients.com\/es\/#\/schema\/logo\/image\/"},"sameAs":["https:\/\/www.facebook.com\/testednutrients\/","https:\/\/www.instagram.com\/testednutrients\/"]}]}},"_links":{"self":[{"href":"https:\/\/testednutrients.com\/es\/wp-json\/wp\/v2\/pages\/9074","targetHints":{"allow":["GET"]}}],"collection":[{"href":"https:\/\/testednutrients.com\/es\/wp-json\/wp\/v2\/pages"}],"about":[{"href":"https:\/\/testednutrients.com\/es\/wp-json\/wp\/v2\/types\/page"}],"author":[{"embeddable":true,"href":"https:\/\/testednutrients.com\/es\/wp-json\/wp\/v2\/users\/1"}],"replies":[{"embeddable":true,"href":"https:\/\/testednutrients.com\/es\/wp-json\/wp\/v2\/comments?post=9074"}],"version-history":[{"count":30,"href":"https:\/\/testednutrients.com\/es\/wp-json\/wp\/v2\/pages\/9074\/revisions"}],"predecessor-version":[{"id":11228,"href":"https:\/\/testednutrients.com\/es\/wp-json\/wp\/v2\/pages\/9074\/revisions\/11228"}],"wp:attachment":[{"href":"https:\/\/testednutrients.com\/es\/wp-json\/wp\/v2\/media?parent=9074"}],"curies":[{"name":"wp","href":"https:\/\/api.w.org\/{rel}","templated":true}]}}